{"id":996,"date":"2026-03-23T10:36:05","date_gmt":"2026-03-23T10:36:05","guid":{"rendered":"https:\/\/houseofsimone.fi\/?post_type=product&#038;p=996"},"modified":"2026-04-14T08:09:36","modified_gmt":"2026-04-14T08:09:36","slug":"koivunlehtikorvis","status":"publish","type":"product","link":"https:\/\/houseofsimone.fi\/index.php\/tuote\/koivunlehtikorvis\/","title":{"rendered":"Koivunlehtikorvis"},"content":{"rendered":"<p>Metalliosat allergisoimatonta kirurginter\u00e4st\u00e4.<\/p>\n<p><span class=\"il\">House<\/span>\u00a0of\u00a0<span class=\"il\">Simone<\/span>\u00a0tuotteiden raaka-aineena k\u00e4ytet\u00e4\u00e4n p\u00e4\u00e4s\u00e4\u00e4nt\u00f6isesti EU:n alueella eettisesti lihantuotannon sivuvirtana tuotettua kasviparkittua, v\u00e4rj\u00e4\u00e4m\u00e4t\u00f6nt\u00e4 naudanvuotaa, mutta my\u00f6s vaate- ja huonekaluteollisuuden ylij\u00e4\u00e4m\u00e4nahkaa, sek\u00e4 ylellisen silkkim\u00e4ist\u00e4 kotimaista poronnahkaa.<\/p>\n<p>&nbsp;<\/p>\n<p><b><span class=\"il\">House<\/span>\u00a0of\u00a0<span class=\"il\">Simone<\/span> nahkakorujen hoito-ohjeet:<\/b><\/p>\n<p>Hoidat nahkakoruasi parhaiten k\u00e4ytt\u00e4m\u00e4ll\u00e4 sit\u00e4. Ihon omat \u00f6ljyt hoitavat nahkaa ja pit\u00e4v\u00e4t sen joustavana, muuta \u00f6ljy\u00e4mist\u00e4 tai vahaa se ei kaipaa. Jotkut kemikaaleja sis\u00e4lt\u00e4v\u00e4t nahanhoitotuotteet saattavat jopa vahingoittaa korun v\u00e4ri\u00e4 tai pilata sen muodon.<\/p>\n<p>Nahkakoru kest\u00e4\u00e4 hyvin normaalia sades\u00e4\u00e4t\u00e4, aurinkoa ja ihon omia \u00f6ljyj\u00e4, mutta eth\u00e4n mene uimaan, suihkuun tai saunaan nahkaisen korun kanssa.\u00a0Luonnonmateriaalina nahka ei my\u00f6sk\u00e4\u00e4n pid\u00e4 alkoholipitoisista tuoksuista, hiuskiinteist\u00e4 tai rasvaisista ihovoiteista, joten suihkauta tuoksua tai hiuslakkaa ennen, kuin puet nahkaisen korusi. Mik\u00e4li muotoiltu nahkakorusi sattuisi kastumaan, anna sen kuivua huoneenl\u00e4mm\u00f6ss\u00e4 ilmavasti kaikessa rauhassa.<\/p>\n<p>Mik\u00e4li korun muoto on vahingoittunut, voit varovasti koittaa muotoilla sit\u00e4 kosteana. S\u00e4ilyt\u00e4th\u00e4n nahkaset korusi kuivassa ja suoralta auringonvalolta suojattuna.\u00a0Nahka k\u00e4ytt\u00e4ytyy kuten kaikki herk\u00e4t luonnonmateriaalit, pitk\u00e4\u00e4n jatkuva suora auringonvalo haalentaa ja haurastuttaa materiaalia.<\/p>\n","protected":false},"excerpt":{"rendered":"<div>\n<p>Kasviparkitusta nahasta k\u00e4sin muotoillut koivunlehtikorvikset. Lehden muoto on lainattu rauduskoivulta ja v\u00e4reist\u00e4 l\u00f6yd\u00e4t niin ruskan hehkua, kuin n\u00e4ytt\u00e4vi\u00e4 ja heleit\u00e4 puutarhan s\u00e4vyj\u00e4. Kevyt, lehden korkeus n. 5cm<\/p>\n<\/div>\n","protected":false},"featured_media":1215,"comment_status":"open","ping_status":"closed","template":"","meta":{"_kad_post_transparent":"default","_kad_post_title":"","_kad_post_layout":"default","_kad_post_sidebar_id":"","_kad_post_content_style":"default","_kad_post_vertical_padding":"default","_kad_post_feature":"","_kad_post_feature_position":"","_kad_post_header":false,"_kad_post_footer":false,"_kad_post_classname":""},"product_brand":[],"product_cat":[16,35,26,27],"product_tag":[67,68,30,33,50],"class_list":{"0":"post-996","1":"product","2":"type-product","3":"status-publish","4":"has-post-thumbnail","6":"product_cat-kaikki","7":"product_cat-koivunlehti","8":"product_cat-korut","9":"product_cat-korvakorut","10":"product_tag-koivu","11":"product_tag-koivunlehti","12":"product_tag-koru","13":"product_tag-korvakoru","14":"product_tag-korvis","16":"first","17":"instock","18":"taxable","19":"shipping-taxable","20":"purchasable","21":"product-type-variable","22":"has-default-attributes","23":"entry","24":"content-bg","25":"loop-entry"},"yoast_head":"<!-- This site is optimized with the Yoast SEO plugin v27.3 - https:\/\/yoast.com\/product\/yoast-seo-wordpress\/ -->\n<title>Koivunlehtikorvis - House of Simone<\/title>\n<meta name=\"robots\" content=\"index, follow, max-snippet:-1, max-image-preview:large, max-video-preview:-1\" \/>\n<link rel=\"canonical\" href=\"https:\/\/houseofsimone.fi\/index.php\/tuote\/koivunlehtikorvis\/\" \/>\n<meta property=\"og:locale\" content=\"fi_FI\" \/>\n<meta property=\"og:type\" content=\"article\" \/>\n<meta property=\"og:title\" content=\"Koivunlehtikorvis - House of Simone\" \/>\n<meta property=\"og:description\" content=\"Kasviparkitusta nahasta k\u00e4sin muotoillut koivunlehtikorvikset. Lehden muoto on lainattu rauduskoivulta ja v\u00e4reist\u00e4 l\u00f6yd\u00e4t niin ruskan hehkua, kuin n\u00e4ytt\u00e4vi\u00e4 ja heleit\u00e4 puutarhan s\u00e4vyj\u00e4. Kevyt, lehden korkeus n. 5cm\" \/>\n<meta property=\"og:url\" content=\"https:\/\/houseofsimone.fi\/index.php\/tuote\/koivunlehtikorvis\/\" \/>\n<meta property=\"og:site_name\" content=\"House of Simone\" \/>\n<meta property=\"article:modified_time\" content=\"2026-04-14T08:09:36+00:00\" \/>\n<meta property=\"og:image\" content=\"https:\/\/houseofsimone.fi\/wp-content\/uploads\/2026\/03\/IMG_5612-2.jpg\" \/>\n\t<meta property=\"og:image:width\" content=\"1200\" \/>\n\t<meta property=\"og:image:height\" content=\"1200\" \/>\n\t<meta property=\"og:image:type\" content=\"image\/jpeg\" \/>\n<meta name=\"twitter:card\" content=\"summary_large_image\" \/>\n<meta name=\"twitter:label1\" content=\"Arvioitu lukuaika\" \/>\n\t<meta name=\"twitter:data1\" content=\"2 minuuttia\" \/>\n<script type=\"application\/ld+json\" class=\"yoast-schema-graph\">{\"@context\":\"https:\\\/\\\/schema.org\",\"@graph\":[{\"@type\":\"WebPage\",\"@id\":\"https:\\\/\\\/houseofsimone.fi\\\/index.php\\\/tuote\\\/koivunlehtikorvis\\\/\",\"url\":\"https:\\\/\\\/houseofsimone.fi\\\/index.php\\\/tuote\\\/koivunlehtikorvis\\\/\",\"name\":\"Koivunlehtikorvis - House of Simone\",\"isPartOf\":{\"@id\":\"https:\\\/\\\/houseofsimone.fi\\\/#website\"},\"primaryImageOfPage\":{\"@id\":\"https:\\\/\\\/houseofsimone.fi\\\/index.php\\\/tuote\\\/koivunlehtikorvis\\\/#primaryimage\"},\"image\":{\"@id\":\"https:\\\/\\\/houseofsimone.fi\\\/index.php\\\/tuote\\\/koivunlehtikorvis\\\/#primaryimage\"},\"thumbnailUrl\":\"https:\\\/\\\/houseofsimone.fi\\\/wp-content\\\/uploads\\\/2026\\\/03\\\/IMG_5612-2.jpg\",\"datePublished\":\"2026-03-23T10:36:05+00:00\",\"dateModified\":\"2026-04-14T08:09:36+00:00\",\"breadcrumb\":{\"@id\":\"https:\\\/\\\/houseofsimone.fi\\\/index.php\\\/tuote\\\/koivunlehtikorvis\\\/#breadcrumb\"},\"inLanguage\":\"fi\",\"potentialAction\":[{\"@type\":\"ReadAction\",\"target\":[\"https:\\\/\\\/houseofsimone.fi\\\/index.php\\\/tuote\\\/koivunlehtikorvis\\\/\"]}]},{\"@type\":\"ImageObject\",\"inLanguage\":\"fi\",\"@id\":\"https:\\\/\\\/houseofsimone.fi\\\/index.php\\\/tuote\\\/koivunlehtikorvis\\\/#primaryimage\",\"url\":\"https:\\\/\\\/houseofsimone.fi\\\/wp-content\\\/uploads\\\/2026\\\/03\\\/IMG_5612-2.jpg\",\"contentUrl\":\"https:\\\/\\\/houseofsimone.fi\\\/wp-content\\\/uploads\\\/2026\\\/03\\\/IMG_5612-2.jpg\",\"width\":1200,\"height\":1200},{\"@type\":\"BreadcrumbList\",\"@id\":\"https:\\\/\\\/houseofsimone.fi\\\/index.php\\\/tuote\\\/koivunlehtikorvis\\\/#breadcrumb\",\"itemListElement\":[{\"@type\":\"ListItem\",\"position\":1,\"name\":\"Etusivu\",\"item\":\"https:\\\/\\\/houseofsimone.fi\\\/\"},{\"@type\":\"ListItem\",\"position\":2,\"name\":\"Kauppa\",\"item\":\"https:\\\/\\\/houseofsimone.fi\\\/index.php\\\/kauppa\\\/\"},{\"@type\":\"ListItem\",\"position\":3,\"name\":\"Koivunlehtikorvis\"}]},{\"@type\":\"WebSite\",\"@id\":\"https:\\\/\\\/houseofsimone.fi\\\/#website\",\"url\":\"https:\\\/\\\/houseofsimone.fi\\\/\",\"name\":\"House of Simone\",\"description\":\"\",\"publisher\":{\"@id\":\"https:\\\/\\\/houseofsimone.fi\\\/#organization\"},\"potentialAction\":[{\"@type\":\"SearchAction\",\"target\":{\"@type\":\"EntryPoint\",\"urlTemplate\":\"https:\\\/\\\/houseofsimone.fi\\\/?s={search_term_string}\"},\"query-input\":{\"@type\":\"PropertyValueSpecification\",\"valueRequired\":true,\"valueName\":\"search_term_string\"}}],\"inLanguage\":\"fi\"},{\"@type\":\"Organization\",\"@id\":\"https:\\\/\\\/houseofsimone.fi\\\/#organization\",\"name\":\"House of Simone\",\"url\":\"https:\\\/\\\/houseofsimone.fi\\\/\",\"logo\":{\"@type\":\"ImageObject\",\"inLanguage\":\"fi\",\"@id\":\"https:\\\/\\\/houseofsimone.fi\\\/#\\\/schema\\\/logo\\\/image\\\/\",\"url\":\"https:\\\/\\\/houseofsimone.fi\\\/wp-content\\\/uploads\\\/2022\\\/11\\\/cropped-House_of_simone_paalogo_varillinen-1.png\",\"contentUrl\":\"https:\\\/\\\/houseofsimone.fi\\\/wp-content\\\/uploads\\\/2022\\\/11\\\/cropped-House_of_simone_paalogo_varillinen-1.png\",\"width\":481,\"height\":481,\"caption\":\"House of Simone\"},\"image\":{\"@id\":\"https:\\\/\\\/houseofsimone.fi\\\/#\\\/schema\\\/logo\\\/image\\\/\"},\"sameAs\":[\"https:\\\/\\\/www.instagram.com\\\/houseofsimone.fi\\\/?hl=fi\"]}]}<\/script>\n<!-- \/ Yoast SEO plugin. -->","yoast_head_json":{"title":"Koivunlehtikorvis - House of Simone","robots":{"index":"index","follow":"follow","max-snippet":"max-snippet:-1","max-image-preview":"max-image-preview:large","max-video-preview":"max-video-preview:-1"},"canonical":"https:\/\/houseofsimone.fi\/index.php\/tuote\/koivunlehtikorvis\/","og_locale":"fi_FI","og_type":"article","og_title":"Koivunlehtikorvis - House of Simone","og_description":"Kasviparkitusta nahasta k\u00e4sin muotoillut koivunlehtikorvikset. Lehden muoto on lainattu rauduskoivulta ja v\u00e4reist\u00e4 l\u00f6yd\u00e4t niin ruskan hehkua, kuin n\u00e4ytt\u00e4vi\u00e4 ja heleit\u00e4 puutarhan s\u00e4vyj\u00e4. Kevyt, lehden korkeus n. 5cm","og_url":"https:\/\/houseofsimone.fi\/index.php\/tuote\/koivunlehtikorvis\/","og_site_name":"House of Simone","article_modified_time":"2026-04-14T08:09:36+00:00","og_image":[{"width":1200,"height":1200,"url":"https:\/\/houseofsimone.fi\/wp-content\/uploads\/2026\/03\/IMG_5612-2.jpg","type":"image\/jpeg"}],"twitter_card":"summary_large_image","twitter_misc":{"Arvioitu lukuaika":"2 minuuttia"},"schema":{"@context":"https:\/\/schema.org","@graph":[{"@type":"WebPage","@id":"https:\/\/houseofsimone.fi\/index.php\/tuote\/koivunlehtikorvis\/","url":"https:\/\/houseofsimone.fi\/index.php\/tuote\/koivunlehtikorvis\/","name":"Koivunlehtikorvis - House of Simone","isPartOf":{"@id":"https:\/\/houseofsimone.fi\/#website"},"primaryImageOfPage":{"@id":"https:\/\/houseofsimone.fi\/index.php\/tuote\/koivunlehtikorvis\/#primaryimage"},"image":{"@id":"https:\/\/houseofsimone.fi\/index.php\/tuote\/koivunlehtikorvis\/#primaryimage"},"thumbnailUrl":"https:\/\/houseofsimone.fi\/wp-content\/uploads\/2026\/03\/IMG_5612-2.jpg","datePublished":"2026-03-23T10:36:05+00:00","dateModified":"2026-04-14T08:09:36+00:00","breadcrumb":{"@id":"https:\/\/houseofsimone.fi\/index.php\/tuote\/koivunlehtikorvis\/#breadcrumb"},"inLanguage":"fi","potentialAction":[{"@type":"ReadAction","target":["https:\/\/houseofsimone.fi\/index.php\/tuote\/koivunlehtikorvis\/"]}]},{"@type":"ImageObject","inLanguage":"fi","@id":"https:\/\/houseofsimone.fi\/index.php\/tuote\/koivunlehtikorvis\/#primaryimage","url":"https:\/\/houseofsimone.fi\/wp-content\/uploads\/2026\/03\/IMG_5612-2.jpg","contentUrl":"https:\/\/houseofsimone.fi\/wp-content\/uploads\/2026\/03\/IMG_5612-2.jpg","width":1200,"height":1200},{"@type":"BreadcrumbList","@id":"https:\/\/houseofsimone.fi\/index.php\/tuote\/koivunlehtikorvis\/#breadcrumb","itemListElement":[{"@type":"ListItem","position":1,"name":"Etusivu","item":"https:\/\/houseofsimone.fi\/"},{"@type":"ListItem","position":2,"name":"Kauppa","item":"https:\/\/houseofsimone.fi\/index.php\/kauppa\/"},{"@type":"ListItem","position":3,"name":"Koivunlehtikorvis"}]},{"@type":"WebSite","@id":"https:\/\/houseofsimone.fi\/#website","url":"https:\/\/houseofsimone.fi\/","name":"House of Simone","description":"","publisher":{"@id":"https:\/\/houseofsimone.fi\/#organization"},"potentialAction":[{"@type":"SearchAction","target":{"@type":"EntryPoint","urlTemplate":"https:\/\/houseofsimone.fi\/?s={search_term_string}"},"query-input":{"@type":"PropertyValueSpecification","valueRequired":true,"valueName":"search_term_string"}}],"inLanguage":"fi"},{"@type":"Organization","@id":"https:\/\/houseofsimone.fi\/#organization","name":"House of Simone","url":"https:\/\/houseofsimone.fi\/","logo":{"@type":"ImageObject","inLanguage":"fi","@id":"https:\/\/houseofsimone.fi\/#\/schema\/logo\/image\/","url":"https:\/\/houseofsimone.fi\/wp-content\/uploads\/2022\/11\/cropped-House_of_simone_paalogo_varillinen-1.png","contentUrl":"https:\/\/houseofsimone.fi\/wp-content\/uploads\/2022\/11\/cropped-House_of_simone_paalogo_varillinen-1.png","width":481,"height":481,"caption":"House of Simone"},"image":{"@id":"https:\/\/houseofsimone.fi\/#\/schema\/logo\/image\/"},"sameAs":["https:\/\/www.instagram.com\/houseofsimone.fi\/?hl=fi"]}]}},"_links":{"self":[{"href":"https:\/\/houseofsimone.fi\/index.php\/wp-json\/wp\/v2\/product\/996","targetHints":{"allow":["GET"]}}],"collection":[{"href":"https:\/\/houseofsimone.fi\/index.php\/wp-json\/wp\/v2\/product"}],"about":[{"href":"https:\/\/houseofsimone.fi\/index.php\/wp-json\/wp\/v2\/types\/product"}],"replies":[{"embeddable":true,"href":"https:\/\/houseofsimone.fi\/index.php\/wp-json\/wp\/v2\/comments?post=996"}],"wp:featuredmedia":[{"embeddable":true,"href":"https:\/\/houseofsimone.fi\/index.php\/wp-json\/wp\/v2\/media\/1215"}],"wp:attachment":[{"href":"https:\/\/houseofsimone.fi\/index.php\/wp-json\/wp\/v2\/media?parent=996"}],"wp:term":[{"taxonomy":"product_brand","embeddable":true,"href":"https:\/\/houseofsimone.fi\/index.php\/wp-json\/wp\/v2\/product_brand?post=996"},{"taxonomy":"product_cat","embeddable":true,"href":"https:\/\/houseofsimone.fi\/index.php\/wp-json\/wp\/v2\/product_cat?post=996"},{"taxonomy":"product_tag","embeddable":true,"href":"https:\/\/houseofsimone.fi\/index.php\/wp-json\/wp\/v2\/product_tag?post=996"}],"curies":[{"name":"wp","href":"https:\/\/api.w.org\/{rel}","templated":true}]}}