{"id":994,"date":"2026-03-23T11:29:03","date_gmt":"2026-03-23T11:29:03","guid":{"rendered":"https:\/\/houseofsimone.fi\/?post_type=product&#038;p=994"},"modified":"2026-04-14T08:09:36","modified_gmt":"2026-04-14T08:09:36","slug":"nahkanappi","status":"publish","type":"product","link":"https:\/\/houseofsimone.fi\/index.php\/tuote\/nahkanappi\/","title":{"rendered":"Nahkanappi"},"content":{"rendered":"<p>Koska napit leikataan, kuvioidaan ja v\u00e4rj\u00e4t\u00e4\u00e4n k\u00e4sin, on jokainen nappi s\u00e4vylt\u00e4\u00e4n ja kuvioltaan hiukan erilainen. Tilaamasi nappi ei aivan t\u00e4ysin vastaa kuvan nappia, vaan on aina oma uniikki yksil\u00f6ns\u00e4.<\/p>\n<p>Voidaan pest\u00e4 omalla vastuulla hell\u00e4varaisesti k\u00e4sin miedolla pesuaineella, mutta suositus on, ett\u00e4 irroitat napin ennen vesipesua.<\/p>\n<p>Testipesussa (k\u00e4sinpesu noin 30 asteinen vesi sek\u00e4 30asteen villapesuohjelma koneessa, linkous 500rpm, mieto pesuaine) napit kestiv\u00e4t hyvin, eik\u00e4 v\u00e4ri\u00e4 irronnut pohjan vaaleaan pellavaan, mutta koska nahka on luonnon materiaali eik\u00e4 kahta samanlaista nahkavuotaa ole, ei vesipesua voida suositella.<\/p>\n<p><span class=\"il\">House<\/span>\u00a0of\u00a0<span class=\"il\">Simone<\/span>\u00a0tuotteiden raaka-aineena k\u00e4ytet\u00e4\u00e4n p\u00e4\u00e4s\u00e4\u00e4nt\u00f6isesti EU:n alueella eettisesti lihantuotannon sivuvirtana tuotettua kasviparkittua, v\u00e4rj\u00e4\u00e4m\u00e4t\u00f6nt\u00e4 naudanvuotaa, mutta my\u00f6s vaate- ja huonekaluteollisuuden ylij\u00e4\u00e4m\u00e4nahkaa, sek\u00e4 ylellisen silkkim\u00e4ist\u00e4 kotimaista poronnahkaa.<\/p>\n","protected":false},"excerpt":{"rendered":"<p><span class=\"il\">House<\/span>\u00a0of\u00a0<span class=\"il\">Simone<\/span> nahkanapit valmistetaan kokonaan k\u00e4sity\u00f6n\u00e4 pajan omasta ylij\u00e4\u00e4m\u00e4materiaalista, vahvasta kasviparkitusta naudan vuodasta. V\u00e4rj\u00e4tyiss\u00e4 napeissa on k\u00e4ytetty hyvin valoa ja kulutusta siet\u00e4vi\u00e4 nahkav\u00e4rej\u00e4 ja ne on viimeistelty suoja-aineella.<\/p>\n","protected":false},"featured_media":1095,"comment_status":"open","ping_status":"closed","template":"","meta":{"_kad_post_transparent":"default","_kad_post_title":"","_kad_post_layout":"default","_kad_post_sidebar_id":"","_kad_post_content_style":"default","_kad_post_vertical_padding":"default","_kad_post_feature":"","_kad_post_feature_position":"","_kad_post_header":false,"_kad_post_footer":false,"_kad_post_classname":""},"product_brand":[],"product_cat":[16,36,77],"product_tag":[58,70],"class_list":{"0":"post-994","1":"product","2":"type-product","3":"status-publish","4":"has-post-thumbnail","6":"product_cat-kaikki","7":"product_cat-kasityolaisen-kaverit","8":"product_cat-nahkaiset-napit","9":"product_tag-nahka","10":"product_tag-nappi","12":"first","13":"instock","14":"taxable","15":"shipping-taxable","16":"purchasable","17":"product-type-variable","18":"has-default-attributes","19":"entry","20":"content-bg","21":"loop-entry"},"yoast_head":"<!-- This site is optimized with the Yoast SEO plugin v27.3 - https:\/\/yoast.com\/product\/yoast-seo-wordpress\/ -->\n<title>Nahkanappi - House of Simone<\/title>\n<meta name=\"robots\" content=\"index, follow, max-snippet:-1, max-image-preview:large, max-video-preview:-1\" \/>\n<link rel=\"canonical\" href=\"https:\/\/houseofsimone.fi\/index.php\/tuote\/nahkanappi\/\" \/>\n<meta property=\"og:locale\" content=\"fi_FI\" \/>\n<meta property=\"og:type\" content=\"article\" \/>\n<meta property=\"og:title\" content=\"Nahkanappi - House of Simone\" \/>\n<meta property=\"og:description\" content=\"House\u00a0of\u00a0Simone nahkanapit valmistetaan kokonaan k\u00e4sity\u00f6n\u00e4 pajan omasta ylij\u00e4\u00e4m\u00e4materiaalista, vahvasta kasviparkitusta naudan vuodasta. V\u00e4rj\u00e4tyiss\u00e4 napeissa on k\u00e4ytetty hyvin valoa ja kulutusta siet\u00e4vi\u00e4 nahkav\u00e4rej\u00e4 ja ne on viimeistelty suoja-aineella.\" \/>\n<meta property=\"og:url\" content=\"https:\/\/houseofsimone.fi\/index.php\/tuote\/nahkanappi\/\" \/>\n<meta property=\"og:site_name\" content=\"House of Simone\" \/>\n<meta property=\"article:modified_time\" content=\"2026-04-14T08:09:36+00:00\" \/>\n<meta property=\"og:image\" content=\"https:\/\/houseofsimone.fi\/wp-content\/uploads\/2026\/03\/IMG_5812.jpg\" \/>\n\t<meta property=\"og:image:width\" content=\"1200\" \/>\n\t<meta property=\"og:image:height\" content=\"1200\" \/>\n\t<meta property=\"og:image:type\" content=\"image\/jpeg\" \/>\n<meta name=\"twitter:card\" content=\"summary_large_image\" \/>\n<meta name=\"twitter:label1\" content=\"Arvioitu lukuaika\" \/>\n\t<meta name=\"twitter:data1\" content=\"1 minuutti\" \/>\n<script type=\"application\/ld+json\" class=\"yoast-schema-graph\">{\"@context\":\"https:\\\/\\\/schema.org\",\"@graph\":[{\"@type\":\"WebPage\",\"@id\":\"https:\\\/\\\/houseofsimone.fi\\\/index.php\\\/tuote\\\/nahkanappi\\\/\",\"url\":\"https:\\\/\\\/houseofsimone.fi\\\/index.php\\\/tuote\\\/nahkanappi\\\/\",\"name\":\"Nahkanappi - House of Simone\",\"isPartOf\":{\"@id\":\"https:\\\/\\\/houseofsimone.fi\\\/#website\"},\"primaryImageOfPage\":{\"@id\":\"https:\\\/\\\/houseofsimone.fi\\\/index.php\\\/tuote\\\/nahkanappi\\\/#primaryimage\"},\"image\":{\"@id\":\"https:\\\/\\\/houseofsimone.fi\\\/index.php\\\/tuote\\\/nahkanappi\\\/#primaryimage\"},\"thumbnailUrl\":\"https:\\\/\\\/houseofsimone.fi\\\/wp-content\\\/uploads\\\/2026\\\/03\\\/IMG_5812.jpg\",\"datePublished\":\"2026-03-23T11:29:03+00:00\",\"dateModified\":\"2026-04-14T08:09:36+00:00\",\"breadcrumb\":{\"@id\":\"https:\\\/\\\/houseofsimone.fi\\\/index.php\\\/tuote\\\/nahkanappi\\\/#breadcrumb\"},\"inLanguage\":\"fi\",\"potentialAction\":[{\"@type\":\"ReadAction\",\"target\":[\"https:\\\/\\\/houseofsimone.fi\\\/index.php\\\/tuote\\\/nahkanappi\\\/\"]}]},{\"@type\":\"ImageObject\",\"inLanguage\":\"fi\",\"@id\":\"https:\\\/\\\/houseofsimone.fi\\\/index.php\\\/tuote\\\/nahkanappi\\\/#primaryimage\",\"url\":\"https:\\\/\\\/houseofsimone.fi\\\/wp-content\\\/uploads\\\/2026\\\/03\\\/IMG_5812.jpg\",\"contentUrl\":\"https:\\\/\\\/houseofsimone.fi\\\/wp-content\\\/uploads\\\/2026\\\/03\\\/IMG_5812.jpg\",\"width\":1200,\"height\":1200},{\"@type\":\"BreadcrumbList\",\"@id\":\"https:\\\/\\\/houseofsimone.fi\\\/index.php\\\/tuote\\\/nahkanappi\\\/#breadcrumb\",\"itemListElement\":[{\"@type\":\"ListItem\",\"position\":1,\"name\":\"Etusivu\",\"item\":\"https:\\\/\\\/houseofsimone.fi\\\/\"},{\"@type\":\"ListItem\",\"position\":2,\"name\":\"Kauppa\",\"item\":\"https:\\\/\\\/houseofsimone.fi\\\/index.php\\\/kauppa\\\/\"},{\"@type\":\"ListItem\",\"position\":3,\"name\":\"Nahkanappi\"}]},{\"@type\":\"WebSite\",\"@id\":\"https:\\\/\\\/houseofsimone.fi\\\/#website\",\"url\":\"https:\\\/\\\/houseofsimone.fi\\\/\",\"name\":\"House of Simone\",\"description\":\"\",\"publisher\":{\"@id\":\"https:\\\/\\\/houseofsimone.fi\\\/#organization\"},\"potentialAction\":[{\"@type\":\"SearchAction\",\"target\":{\"@type\":\"EntryPoint\",\"urlTemplate\":\"https:\\\/\\\/houseofsimone.fi\\\/?s={search_term_string}\"},\"query-input\":{\"@type\":\"PropertyValueSpecification\",\"valueRequired\":true,\"valueName\":\"search_term_string\"}}],\"inLanguage\":\"fi\"},{\"@type\":\"Organization\",\"@id\":\"https:\\\/\\\/houseofsimone.fi\\\/#organization\",\"name\":\"House of Simone\",\"url\":\"https:\\\/\\\/houseofsimone.fi\\\/\",\"logo\":{\"@type\":\"ImageObject\",\"inLanguage\":\"fi\",\"@id\":\"https:\\\/\\\/houseofsimone.fi\\\/#\\\/schema\\\/logo\\\/image\\\/\",\"url\":\"https:\\\/\\\/houseofsimone.fi\\\/wp-content\\\/uploads\\\/2022\\\/11\\\/cropped-House_of_simone_paalogo_varillinen-1.png\",\"contentUrl\":\"https:\\\/\\\/houseofsimone.fi\\\/wp-content\\\/uploads\\\/2022\\\/11\\\/cropped-House_of_simone_paalogo_varillinen-1.png\",\"width\":481,\"height\":481,\"caption\":\"House of Simone\"},\"image\":{\"@id\":\"https:\\\/\\\/houseofsimone.fi\\\/#\\\/schema\\\/logo\\\/image\\\/\"},\"sameAs\":[\"https:\\\/\\\/www.instagram.com\\\/houseofsimone.fi\\\/?hl=fi\"]}]}<\/script>\n<!-- \/ Yoast SEO plugin. -->","yoast_head_json":{"title":"Nahkanappi - House of Simone","robots":{"index":"index","follow":"follow","max-snippet":"max-snippet:-1","max-image-preview":"max-image-preview:large","max-video-preview":"max-video-preview:-1"},"canonical":"https:\/\/houseofsimone.fi\/index.php\/tuote\/nahkanappi\/","og_locale":"fi_FI","og_type":"article","og_title":"Nahkanappi - House of Simone","og_description":"House\u00a0of\u00a0Simone nahkanapit valmistetaan kokonaan k\u00e4sity\u00f6n\u00e4 pajan omasta ylij\u00e4\u00e4m\u00e4materiaalista, vahvasta kasviparkitusta naudan vuodasta. V\u00e4rj\u00e4tyiss\u00e4 napeissa on k\u00e4ytetty hyvin valoa ja kulutusta siet\u00e4vi\u00e4 nahkav\u00e4rej\u00e4 ja ne on viimeistelty suoja-aineella.","og_url":"https:\/\/houseofsimone.fi\/index.php\/tuote\/nahkanappi\/","og_site_name":"House of Simone","article_modified_time":"2026-04-14T08:09:36+00:00","og_image":[{"width":1200,"height":1200,"url":"https:\/\/houseofsimone.fi\/wp-content\/uploads\/2026\/03\/IMG_5812.jpg","type":"image\/jpeg"}],"twitter_card":"summary_large_image","twitter_misc":{"Arvioitu lukuaika":"1 minuutti"},"schema":{"@context":"https:\/\/schema.org","@graph":[{"@type":"WebPage","@id":"https:\/\/houseofsimone.fi\/index.php\/tuote\/nahkanappi\/","url":"https:\/\/houseofsimone.fi\/index.php\/tuote\/nahkanappi\/","name":"Nahkanappi - House of Simone","isPartOf":{"@id":"https:\/\/houseofsimone.fi\/#website"},"primaryImageOfPage":{"@id":"https:\/\/houseofsimone.fi\/index.php\/tuote\/nahkanappi\/#primaryimage"},"image":{"@id":"https:\/\/houseofsimone.fi\/index.php\/tuote\/nahkanappi\/#primaryimage"},"thumbnailUrl":"https:\/\/houseofsimone.fi\/wp-content\/uploads\/2026\/03\/IMG_5812.jpg","datePublished":"2026-03-23T11:29:03+00:00","dateModified":"2026-04-14T08:09:36+00:00","breadcrumb":{"@id":"https:\/\/houseofsimone.fi\/index.php\/tuote\/nahkanappi\/#breadcrumb"},"inLanguage":"fi","potentialAction":[{"@type":"ReadAction","target":["https:\/\/houseofsimone.fi\/index.php\/tuote\/nahkanappi\/"]}]},{"@type":"ImageObject","inLanguage":"fi","@id":"https:\/\/houseofsimone.fi\/index.php\/tuote\/nahkanappi\/#primaryimage","url":"https:\/\/houseofsimone.fi\/wp-content\/uploads\/2026\/03\/IMG_5812.jpg","contentUrl":"https:\/\/houseofsimone.fi\/wp-content\/uploads\/2026\/03\/IMG_5812.jpg","width":1200,"height":1200},{"@type":"BreadcrumbList","@id":"https:\/\/houseofsimone.fi\/index.php\/tuote\/nahkanappi\/#breadcrumb","itemListElement":[{"@type":"ListItem","position":1,"name":"Etusivu","item":"https:\/\/houseofsimone.fi\/"},{"@type":"ListItem","position":2,"name":"Kauppa","item":"https:\/\/houseofsimone.fi\/index.php\/kauppa\/"},{"@type":"ListItem","position":3,"name":"Nahkanappi"}]},{"@type":"WebSite","@id":"https:\/\/houseofsimone.fi\/#website","url":"https:\/\/houseofsimone.fi\/","name":"House of Simone","description":"","publisher":{"@id":"https:\/\/houseofsimone.fi\/#organization"},"potentialAction":[{"@type":"SearchAction","target":{"@type":"EntryPoint","urlTemplate":"https:\/\/houseofsimone.fi\/?s={search_term_string}"},"query-input":{"@type":"PropertyValueSpecification","valueRequired":true,"valueName":"search_term_string"}}],"inLanguage":"fi"},{"@type":"Organization","@id":"https:\/\/houseofsimone.fi\/#organization","name":"House of Simone","url":"https:\/\/houseofsimone.fi\/","logo":{"@type":"ImageObject","inLanguage":"fi","@id":"https:\/\/houseofsimone.fi\/#\/schema\/logo\/image\/","url":"https:\/\/houseofsimone.fi\/wp-content\/uploads\/2022\/11\/cropped-House_of_simone_paalogo_varillinen-1.png","contentUrl":"https:\/\/houseofsimone.fi\/wp-content\/uploads\/2022\/11\/cropped-House_of_simone_paalogo_varillinen-1.png","width":481,"height":481,"caption":"House of Simone"},"image":{"@id":"https:\/\/houseofsimone.fi\/#\/schema\/logo\/image\/"},"sameAs":["https:\/\/www.instagram.com\/houseofsimone.fi\/?hl=fi"]}]}},"_links":{"self":[{"href":"https:\/\/houseofsimone.fi\/index.php\/wp-json\/wp\/v2\/product\/994","targetHints":{"allow":["GET"]}}],"collection":[{"href":"https:\/\/houseofsimone.fi\/index.php\/wp-json\/wp\/v2\/product"}],"about":[{"href":"https:\/\/houseofsimone.fi\/index.php\/wp-json\/wp\/v2\/types\/product"}],"replies":[{"embeddable":true,"href":"https:\/\/houseofsimone.fi\/index.php\/wp-json\/wp\/v2\/comments?post=994"}],"wp:featuredmedia":[{"embeddable":true,"href":"https:\/\/houseofsimone.fi\/index.php\/wp-json\/wp\/v2\/media\/1095"}],"wp:attachment":[{"href":"https:\/\/houseofsimone.fi\/index.php\/wp-json\/wp\/v2\/media?parent=994"}],"wp:term":[{"taxonomy":"product_brand","embeddable":true,"href":"https:\/\/houseofsimone.fi\/index.php\/wp-json\/wp\/v2\/product_brand?post=994"},{"taxonomy":"product_cat","embeddable":true,"href":"https:\/\/houseofsimone.fi\/index.php\/wp-json\/wp\/v2\/product_cat?post=994"},{"taxonomy":"product_tag","embeddable":true,"href":"https:\/\/houseofsimone.fi\/index.php\/wp-json\/wp\/v2\/product_tag?post=994"}],"curies":[{"name":"wp","href":"https:\/\/api.w.org\/{rel}","templated":true}]}}