{"id":757,"date":"2026-03-20T10:42:06","date_gmt":"2026-03-20T10:42:06","guid":{"rendered":"https:\/\/houseofsimone.fi\/?post_type=product&#038;p=757"},"modified":"2026-04-14T08:09:39","modified_gmt":"2026-04-14T08:09:39","slug":"myrsky-lasi","status":"publish","type":"product","link":"https:\/\/houseofsimone.fi\/index.php\/tuote\/myrsky-lasi\/","title":{"rendered":"Myrsky -lasi"},"content":{"rendered":"<p>Soveltuu kylmille ja kuumilla juomille ja voit pest\u00e4 lasin my\u00f6s koneessa, mutta muistathan ennen pesua riisua nahkapuvun.<\/p>\n<p>Nahkaharnessi on k\u00e4sin muotoiltu kasviparkitusta naudanvuodasta. Se suojaa kolhuilta ja tuo ulkoasuun s\u00e4rm\u00e4\u00e4. Nahkaisesta lenkist\u00e4 voit ripustaa lasin niin keikkabussiin kuin rinkkaankin.<\/p>\n<p>Jokainen Myrsky on omanlaisensa, tilavuudet vaihtelevat n. 2,5-3,5 dl v\u00e4lill\u00e4.<\/p>\n<p>Lasi materiaalina ei pid\u00e4 suurista ja \u00e4kkin\u00e4isist\u00e4 l\u00e4mp\u00f6tilan vaihteluista, joten v\u00e4lt\u00e4th\u00e4n kaatamasta kylm\u00e4\u00e4n lasiin hyvin kuumaa nestett\u00e4 esimerkiksi mets\u00e4reissulla. My\u00f6s esim.\u00a0 metallinen lusikka kannattaa ottaa pois lasista, kun siihen kaataa kuumaa nestett\u00e4.<\/p>\n<p><span class=\"il\">House<\/span>\u00a0of\u00a0<span class=\"il\">Simone<\/span>\u00a0tuotteiden raaka-aineena k\u00e4ytet\u00e4\u00e4n p\u00e4\u00e4s\u00e4\u00e4nt\u00f6isesti EU:n alueella eettisesti lihantuotannon sivuvirtana tuotettua kasviparkittua, v\u00e4rj\u00e4\u00e4m\u00e4t\u00f6nt\u00e4 naudanvuotaa, mutta my\u00f6s vaate- ja huonekaluteollisuuden ylij\u00e4\u00e4m\u00e4nahkaa, sek\u00e4 ylellisen silkkim\u00e4ist\u00e4 kotimaista poronnahkaa.<\/p>\n","protected":false},"excerpt":{"rendered":"<p>Rouhea Myrsky -lasi sopii niin reppureissaajalle, veneeseen, matkailuautoon tai tyylikk\u00e4\u00e4ksi yleislasiksi. Oiva lahja my\u00f6s h\u00e4nelle, jolla on jo kaikkea. Kest\u00e4v\u00e4n lasiosan on uudelleen muotoillut viinipullosta Lasistudio Jan Torstensson.<\/p>\n","protected":false},"featured_media":850,"comment_status":"open","ping_status":"closed","template":"","meta":{"_kad_post_transparent":"default","_kad_post_title":"","_kad_post_layout":"default","_kad_post_sidebar_id":"","_kad_post_content_style":"default","_kad_post_vertical_padding":"default","_kad_post_feature":"","_kad_post_feature_position":"","_kad_post_header":false,"_kad_post_footer":false,"_kad_post_classname":""},"product_brand":[],"product_cat":[16],"product_tag":[59,57,60,58],"class_list":{"0":"post-757","1":"product","2":"type-product","3":"status-publish","4":"has-post-thumbnail","6":"product_cat-kaikki","7":"product_tag-jan-torstensson","8":"product_tag-lasi","9":"product_tag-lasistudio","10":"product_tag-nahka","12":"first","13":"instock","14":"taxable","15":"shipping-taxable","16":"purchasable","17":"product-type-variable","18":"has-default-attributes","19":"entry","20":"content-bg","21":"loop-entry"},"yoast_head":"<!-- This site is optimized with the Yoast SEO plugin v27.3 - https:\/\/yoast.com\/product\/yoast-seo-wordpress\/ -->\n<title>Myrsky -lasi - House of Simone<\/title>\n<meta name=\"robots\" content=\"index, follow, max-snippet:-1, max-image-preview:large, max-video-preview:-1\" \/>\n<link rel=\"canonical\" href=\"https:\/\/houseofsimone.fi\/index.php\/tuote\/myrsky-lasi\/\" \/>\n<meta property=\"og:locale\" content=\"fi_FI\" \/>\n<meta property=\"og:type\" content=\"article\" \/>\n<meta property=\"og:title\" content=\"Myrsky -lasi - House of Simone\" \/>\n<meta property=\"og:description\" content=\"Rouhea Myrsky -lasi sopii niin reppureissaajalle, veneeseen, matkailuautoon tai tyylikk\u00e4\u00e4ksi yleislasiksi. Oiva lahja my\u00f6s h\u00e4nelle, jolla on jo kaikkea. Kest\u00e4v\u00e4n lasiosan on uudelleen muotoillut viinipullosta Lasistudio Jan Torstensson.\" \/>\n<meta property=\"og:url\" content=\"https:\/\/houseofsimone.fi\/index.php\/tuote\/myrsky-lasi\/\" \/>\n<meta property=\"og:site_name\" content=\"House of Simone\" \/>\n<meta property=\"article:modified_time\" content=\"2026-04-14T08:09:39+00:00\" \/>\n<meta property=\"og:image\" content=\"https:\/\/houseofsimone.fi\/wp-content\/uploads\/2026\/03\/IMG_5929.jpg\" \/>\n\t<meta property=\"og:image:width\" content=\"1200\" \/>\n\t<meta property=\"og:image:height\" content=\"1200\" \/>\n\t<meta property=\"og:image:type\" content=\"image\/jpeg\" \/>\n<meta name=\"twitter:card\" content=\"summary_large_image\" \/>\n<meta name=\"twitter:label1\" content=\"Arvioitu lukuaika\" \/>\n\t<meta name=\"twitter:data1\" content=\"1 minuutti\" \/>\n<script type=\"application\/ld+json\" class=\"yoast-schema-graph\">{\"@context\":\"https:\\\/\\\/schema.org\",\"@graph\":[{\"@type\":\"WebPage\",\"@id\":\"https:\\\/\\\/houseofsimone.fi\\\/index.php\\\/tuote\\\/myrsky-lasi\\\/\",\"url\":\"https:\\\/\\\/houseofsimone.fi\\\/index.php\\\/tuote\\\/myrsky-lasi\\\/\",\"name\":\"Myrsky -lasi - House of Simone\",\"isPartOf\":{\"@id\":\"https:\\\/\\\/houseofsimone.fi\\\/#website\"},\"primaryImageOfPage\":{\"@id\":\"https:\\\/\\\/houseofsimone.fi\\\/index.php\\\/tuote\\\/myrsky-lasi\\\/#primaryimage\"},\"image\":{\"@id\":\"https:\\\/\\\/houseofsimone.fi\\\/index.php\\\/tuote\\\/myrsky-lasi\\\/#primaryimage\"},\"thumbnailUrl\":\"https:\\\/\\\/houseofsimone.fi\\\/wp-content\\\/uploads\\\/2026\\\/03\\\/IMG_5929.jpg\",\"datePublished\":\"2026-03-20T10:42:06+00:00\",\"dateModified\":\"2026-04-14T08:09:39+00:00\",\"breadcrumb\":{\"@id\":\"https:\\\/\\\/houseofsimone.fi\\\/index.php\\\/tuote\\\/myrsky-lasi\\\/#breadcrumb\"},\"inLanguage\":\"fi\",\"potentialAction\":[{\"@type\":\"ReadAction\",\"target\":[\"https:\\\/\\\/houseofsimone.fi\\\/index.php\\\/tuote\\\/myrsky-lasi\\\/\"]}]},{\"@type\":\"ImageObject\",\"inLanguage\":\"fi\",\"@id\":\"https:\\\/\\\/houseofsimone.fi\\\/index.php\\\/tuote\\\/myrsky-lasi\\\/#primaryimage\",\"url\":\"https:\\\/\\\/houseofsimone.fi\\\/wp-content\\\/uploads\\\/2026\\\/03\\\/IMG_5929.jpg\",\"contentUrl\":\"https:\\\/\\\/houseofsimone.fi\\\/wp-content\\\/uploads\\\/2026\\\/03\\\/IMG_5929.jpg\",\"width\":1200,\"height\":1200},{\"@type\":\"BreadcrumbList\",\"@id\":\"https:\\\/\\\/houseofsimone.fi\\\/index.php\\\/tuote\\\/myrsky-lasi\\\/#breadcrumb\",\"itemListElement\":[{\"@type\":\"ListItem\",\"position\":1,\"name\":\"Etusivu\",\"item\":\"https:\\\/\\\/houseofsimone.fi\\\/\"},{\"@type\":\"ListItem\",\"position\":2,\"name\":\"Kauppa\",\"item\":\"https:\\\/\\\/houseofsimone.fi\\\/index.php\\\/kauppa\\\/\"},{\"@type\":\"ListItem\",\"position\":3,\"name\":\"Myrsky -lasi\"}]},{\"@type\":\"WebSite\",\"@id\":\"https:\\\/\\\/houseofsimone.fi\\\/#website\",\"url\":\"https:\\\/\\\/houseofsimone.fi\\\/\",\"name\":\"House of Simone\",\"description\":\"\",\"publisher\":{\"@id\":\"https:\\\/\\\/houseofsimone.fi\\\/#organization\"},\"potentialAction\":[{\"@type\":\"SearchAction\",\"target\":{\"@type\":\"EntryPoint\",\"urlTemplate\":\"https:\\\/\\\/houseofsimone.fi\\\/?s={search_term_string}\"},\"query-input\":{\"@type\":\"PropertyValueSpecification\",\"valueRequired\":true,\"valueName\":\"search_term_string\"}}],\"inLanguage\":\"fi\"},{\"@type\":\"Organization\",\"@id\":\"https:\\\/\\\/houseofsimone.fi\\\/#organization\",\"name\":\"House of Simone\",\"url\":\"https:\\\/\\\/houseofsimone.fi\\\/\",\"logo\":{\"@type\":\"ImageObject\",\"inLanguage\":\"fi\",\"@id\":\"https:\\\/\\\/houseofsimone.fi\\\/#\\\/schema\\\/logo\\\/image\\\/\",\"url\":\"https:\\\/\\\/houseofsimone.fi\\\/wp-content\\\/uploads\\\/2022\\\/11\\\/cropped-House_of_simone_paalogo_varillinen-1.png\",\"contentUrl\":\"https:\\\/\\\/houseofsimone.fi\\\/wp-content\\\/uploads\\\/2022\\\/11\\\/cropped-House_of_simone_paalogo_varillinen-1.png\",\"width\":481,\"height\":481,\"caption\":\"House of Simone\"},\"image\":{\"@id\":\"https:\\\/\\\/houseofsimone.fi\\\/#\\\/schema\\\/logo\\\/image\\\/\"},\"sameAs\":[\"https:\\\/\\\/www.instagram.com\\\/houseofsimone.fi\\\/?hl=fi\"]}]}<\/script>\n<!-- \/ Yoast SEO plugin. -->","yoast_head_json":{"title":"Myrsky -lasi - House of Simone","robots":{"index":"index","follow":"follow","max-snippet":"max-snippet:-1","max-image-preview":"max-image-preview:large","max-video-preview":"max-video-preview:-1"},"canonical":"https:\/\/houseofsimone.fi\/index.php\/tuote\/myrsky-lasi\/","og_locale":"fi_FI","og_type":"article","og_title":"Myrsky -lasi - House of Simone","og_description":"Rouhea Myrsky -lasi sopii niin reppureissaajalle, veneeseen, matkailuautoon tai tyylikk\u00e4\u00e4ksi yleislasiksi. Oiva lahja my\u00f6s h\u00e4nelle, jolla on jo kaikkea. Kest\u00e4v\u00e4n lasiosan on uudelleen muotoillut viinipullosta Lasistudio Jan Torstensson.","og_url":"https:\/\/houseofsimone.fi\/index.php\/tuote\/myrsky-lasi\/","og_site_name":"House of Simone","article_modified_time":"2026-04-14T08:09:39+00:00","og_image":[{"width":1200,"height":1200,"url":"https:\/\/houseofsimone.fi\/wp-content\/uploads\/2026\/03\/IMG_5929.jpg","type":"image\/jpeg"}],"twitter_card":"summary_large_image","twitter_misc":{"Arvioitu lukuaika":"1 minuutti"},"schema":{"@context":"https:\/\/schema.org","@graph":[{"@type":"WebPage","@id":"https:\/\/houseofsimone.fi\/index.php\/tuote\/myrsky-lasi\/","url":"https:\/\/houseofsimone.fi\/index.php\/tuote\/myrsky-lasi\/","name":"Myrsky -lasi - House of Simone","isPartOf":{"@id":"https:\/\/houseofsimone.fi\/#website"},"primaryImageOfPage":{"@id":"https:\/\/houseofsimone.fi\/index.php\/tuote\/myrsky-lasi\/#primaryimage"},"image":{"@id":"https:\/\/houseofsimone.fi\/index.php\/tuote\/myrsky-lasi\/#primaryimage"},"thumbnailUrl":"https:\/\/houseofsimone.fi\/wp-content\/uploads\/2026\/03\/IMG_5929.jpg","datePublished":"2026-03-20T10:42:06+00:00","dateModified":"2026-04-14T08:09:39+00:00","breadcrumb":{"@id":"https:\/\/houseofsimone.fi\/index.php\/tuote\/myrsky-lasi\/#breadcrumb"},"inLanguage":"fi","potentialAction":[{"@type":"ReadAction","target":["https:\/\/houseofsimone.fi\/index.php\/tuote\/myrsky-lasi\/"]}]},{"@type":"ImageObject","inLanguage":"fi","@id":"https:\/\/houseofsimone.fi\/index.php\/tuote\/myrsky-lasi\/#primaryimage","url":"https:\/\/houseofsimone.fi\/wp-content\/uploads\/2026\/03\/IMG_5929.jpg","contentUrl":"https:\/\/houseofsimone.fi\/wp-content\/uploads\/2026\/03\/IMG_5929.jpg","width":1200,"height":1200},{"@type":"BreadcrumbList","@id":"https:\/\/houseofsimone.fi\/index.php\/tuote\/myrsky-lasi\/#breadcrumb","itemListElement":[{"@type":"ListItem","position":1,"name":"Etusivu","item":"https:\/\/houseofsimone.fi\/"},{"@type":"ListItem","position":2,"name":"Kauppa","item":"https:\/\/houseofsimone.fi\/index.php\/kauppa\/"},{"@type":"ListItem","position":3,"name":"Myrsky -lasi"}]},{"@type":"WebSite","@id":"https:\/\/houseofsimone.fi\/#website","url":"https:\/\/houseofsimone.fi\/","name":"House of Simone","description":"","publisher":{"@id":"https:\/\/houseofsimone.fi\/#organization"},"potentialAction":[{"@type":"SearchAction","target":{"@type":"EntryPoint","urlTemplate":"https:\/\/houseofsimone.fi\/?s={search_term_string}"},"query-input":{"@type":"PropertyValueSpecification","valueRequired":true,"valueName":"search_term_string"}}],"inLanguage":"fi"},{"@type":"Organization","@id":"https:\/\/houseofsimone.fi\/#organization","name":"House of Simone","url":"https:\/\/houseofsimone.fi\/","logo":{"@type":"ImageObject","inLanguage":"fi","@id":"https:\/\/houseofsimone.fi\/#\/schema\/logo\/image\/","url":"https:\/\/houseofsimone.fi\/wp-content\/uploads\/2022\/11\/cropped-House_of_simone_paalogo_varillinen-1.png","contentUrl":"https:\/\/houseofsimone.fi\/wp-content\/uploads\/2022\/11\/cropped-House_of_simone_paalogo_varillinen-1.png","width":481,"height":481,"caption":"House of Simone"},"image":{"@id":"https:\/\/houseofsimone.fi\/#\/schema\/logo\/image\/"},"sameAs":["https:\/\/www.instagram.com\/houseofsimone.fi\/?hl=fi"]}]}},"_links":{"self":[{"href":"https:\/\/houseofsimone.fi\/index.php\/wp-json\/wp\/v2\/product\/757","targetHints":{"allow":["GET"]}}],"collection":[{"href":"https:\/\/houseofsimone.fi\/index.php\/wp-json\/wp\/v2\/product"}],"about":[{"href":"https:\/\/houseofsimone.fi\/index.php\/wp-json\/wp\/v2\/types\/product"}],"replies":[{"embeddable":true,"href":"https:\/\/houseofsimone.fi\/index.php\/wp-json\/wp\/v2\/comments?post=757"}],"wp:featuredmedia":[{"embeddable":true,"href":"https:\/\/houseofsimone.fi\/index.php\/wp-json\/wp\/v2\/media\/850"}],"wp:attachment":[{"href":"https:\/\/houseofsimone.fi\/index.php\/wp-json\/wp\/v2\/media?parent=757"}],"wp:term":[{"taxonomy":"product_brand","embeddable":true,"href":"https:\/\/houseofsimone.fi\/index.php\/wp-json\/wp\/v2\/product_brand?post=757"},{"taxonomy":"product_cat","embeddable":true,"href":"https:\/\/houseofsimone.fi\/index.php\/wp-json\/wp\/v2\/product_cat?post=757"},{"taxonomy":"product_tag","embeddable":true,"href":"https:\/\/houseofsimone.fi\/index.php\/wp-json\/wp\/v2\/product_tag?post=757"}],"curies":[{"name":"wp","href":"https:\/\/api.w.org\/{rel}","templated":true}]}}