{"id":751,"date":"2026-03-18T12:06:54","date_gmt":"2026-03-18T12:06:54","guid":{"rendered":"https:\/\/houseofsimone.fi\/?post_type=product&#038;p=751"},"modified":"2026-04-14T08:09:39","modified_gmt":"2026-04-14T08:09:39","slug":"avaimenpera-jaksuhali","status":"publish","type":"product","link":"https:\/\/houseofsimone.fi\/index.php\/tuote\/avaimenpera-jaksuhali\/","title":{"rendered":"Avaimenper\u00e4 \u201dJaksuhali\u201d"},"content":{"rendered":"<p>Mitat: 8cm x 1,5cm<\/p>\n<p><span class=\"il\">Materiaali k\u00e4sin v\u00e4rj\u00e4tty kasviparkittu naudannahka, metallinen avainrengas.<\/span><\/p>\n<p><span class=\"il\">House<\/span>\u00a0of\u00a0<span class=\"il\">Simone<\/span>\u00a0tuotteiden raaka-aineena k\u00e4ytet\u00e4\u00e4n p\u00e4\u00e4s\u00e4\u00e4nt\u00f6isesti EU:n alueella eettisesti lihantuotannon sivuvirtana tuotettua kasviparkittua, v\u00e4rj\u00e4\u00e4m\u00e4t\u00f6nt\u00e4 naudanvuotaa, mutta my\u00f6s vaate- ja huonekaluteollisuuden ylij\u00e4\u00e4m\u00e4nahkaa, sek\u00e4 ylellisen silkkim\u00e4ist\u00e4 kotimaista poronnahkaa.<\/p>\n","protected":false},"excerpt":{"rendered":"<p>Mitat: 8cm x 1,5cm Materiaali k\u00e4sin v\u00e4rj\u00e4tty kasviparkittu naudannahka, metallinen avainrengas. House\u00a0of\u00a0Simone\u00a0tuotteiden raaka-aineena k\u00e4ytet\u00e4\u00e4n p\u00e4\u00e4s\u00e4\u00e4nt\u00f6isesti EU:n alueella eettisesti lihantuotannon sivuvirtana tuotettua kasviparkittua, v\u00e4rj\u00e4\u00e4m\u00e4t\u00f6nt\u00e4 naudanvuotaa, mutta my\u00f6s vaate- ja huonekaluteollisuuden ylij\u00e4\u00e4m\u00e4nahkaa, sek\u00e4 ylellisen silkkim\u00e4ist\u00e4 kotimaista poronnahkaa.<\/p>\n","protected":false},"featured_media":768,"comment_status":"open","ping_status":"closed","template":"","meta":{"_kad_post_transparent":"default","_kad_post_title":"","_kad_post_layout":"default","_kad_post_sidebar_id":"","_kad_post_content_style":"default","_kad_post_vertical_padding":"default","_kad_post_feature":"","_kad_post_feature_position":"","_kad_post_header":false,"_kad_post_footer":false,"_kad_post_classname":""},"product_brand":[],"product_cat":[21,16],"product_tag":[51,23,55],"class_list":{"0":"post-751","1":"product","2":"type-product","3":"status-publish","4":"has-post-thumbnail","6":"product_cat-avaimenperat-ja-kaulanauhat","7":"product_cat-kaikki","8":"product_tag-avaimenpera","9":"product_tag-avain","10":"product_tag-jaksuhali","12":"first","13":"instock","14":"taxable","15":"shipping-taxable","16":"purchasable","17":"product-type-variable","18":"entry","19":"content-bg","20":"loop-entry"},"yoast_head":"<!-- This site is optimized with the Yoast SEO plugin v27.3 - https:\/\/yoast.com\/product\/yoast-seo-wordpress\/ -->\n<title>Avaimenper\u00e4 \u201dJaksuhali\u201d - House of Simone<\/title>\n<meta name=\"robots\" content=\"index, follow, max-snippet:-1, max-image-preview:large, max-video-preview:-1\" \/>\n<link rel=\"canonical\" href=\"https:\/\/houseofsimone.fi\/index.php\/tuote\/avaimenpera-jaksuhali\/\" \/>\n<meta property=\"og:locale\" content=\"fi_FI\" \/>\n<meta property=\"og:type\" content=\"article\" \/>\n<meta property=\"og:title\" content=\"Avaimenper\u00e4 \u201dJaksuhali\u201d - House of Simone\" \/>\n<meta property=\"og:description\" content=\"Mitat: 8cm x 1,5cm Materiaali k\u00e4sin v\u00e4rj\u00e4tty kasviparkittu naudannahka, metallinen avainrengas. House\u00a0of\u00a0Simone\u00a0tuotteiden raaka-aineena k\u00e4ytet\u00e4\u00e4n p\u00e4\u00e4s\u00e4\u00e4nt\u00f6isesti EU:n alueella eettisesti lihantuotannon sivuvirtana tuotettua kasviparkittua, v\u00e4rj\u00e4\u00e4m\u00e4t\u00f6nt\u00e4 naudanvuotaa, mutta my\u00f6s vaate- ja huonekaluteollisuuden ylij\u00e4\u00e4m\u00e4nahkaa, sek\u00e4 ylellisen silkkim\u00e4ist\u00e4 kotimaista poronnahkaa.\" \/>\n<meta property=\"og:url\" content=\"https:\/\/houseofsimone.fi\/index.php\/tuote\/avaimenpera-jaksuhali\/\" \/>\n<meta property=\"og:site_name\" content=\"House of Simone\" \/>\n<meta property=\"article:modified_time\" content=\"2026-04-14T08:09:39+00:00\" \/>\n<meta property=\"og:image\" content=\"https:\/\/houseofsimone.fi\/wp-content\/uploads\/2026\/03\/IMG_4380.jpg\" \/>\n\t<meta property=\"og:image:width\" content=\"2048\" \/>\n\t<meta property=\"og:image:height\" content=\"1545\" \/>\n\t<meta property=\"og:image:type\" content=\"image\/jpeg\" \/>\n<meta name=\"twitter:card\" content=\"summary_large_image\" \/>\n<meta name=\"twitter:label1\" content=\"Arvioitu lukuaika\" \/>\n\t<meta name=\"twitter:data1\" content=\"1 minuutti\" \/>\n<script type=\"application\/ld+json\" class=\"yoast-schema-graph\">{\"@context\":\"https:\\\/\\\/schema.org\",\"@graph\":[{\"@type\":\"WebPage\",\"@id\":\"https:\\\/\\\/houseofsimone.fi\\\/index.php\\\/tuote\\\/avaimenpera-jaksuhali\\\/\",\"url\":\"https:\\\/\\\/houseofsimone.fi\\\/index.php\\\/tuote\\\/avaimenpera-jaksuhali\\\/\",\"name\":\"Avaimenper\u00e4 \u201dJaksuhali\u201d - House of Simone\",\"isPartOf\":{\"@id\":\"https:\\\/\\\/houseofsimone.fi\\\/#website\"},\"primaryImageOfPage\":{\"@id\":\"https:\\\/\\\/houseofsimone.fi\\\/index.php\\\/tuote\\\/avaimenpera-jaksuhali\\\/#primaryimage\"},\"image\":{\"@id\":\"https:\\\/\\\/houseofsimone.fi\\\/index.php\\\/tuote\\\/avaimenpera-jaksuhali\\\/#primaryimage\"},\"thumbnailUrl\":\"https:\\\/\\\/houseofsimone.fi\\\/wp-content\\\/uploads\\\/2026\\\/03\\\/IMG_4380.jpg\",\"datePublished\":\"2026-03-18T12:06:54+00:00\",\"dateModified\":\"2026-04-14T08:09:39+00:00\",\"breadcrumb\":{\"@id\":\"https:\\\/\\\/houseofsimone.fi\\\/index.php\\\/tuote\\\/avaimenpera-jaksuhali\\\/#breadcrumb\"},\"inLanguage\":\"fi\",\"potentialAction\":[{\"@type\":\"ReadAction\",\"target\":[\"https:\\\/\\\/houseofsimone.fi\\\/index.php\\\/tuote\\\/avaimenpera-jaksuhali\\\/\"]}]},{\"@type\":\"ImageObject\",\"inLanguage\":\"fi\",\"@id\":\"https:\\\/\\\/houseofsimone.fi\\\/index.php\\\/tuote\\\/avaimenpera-jaksuhali\\\/#primaryimage\",\"url\":\"https:\\\/\\\/houseofsimone.fi\\\/wp-content\\\/uploads\\\/2026\\\/03\\\/IMG_4380.jpg\",\"contentUrl\":\"https:\\\/\\\/houseofsimone.fi\\\/wp-content\\\/uploads\\\/2026\\\/03\\\/IMG_4380.jpg\",\"width\":2048,\"height\":1545},{\"@type\":\"BreadcrumbList\",\"@id\":\"https:\\\/\\\/houseofsimone.fi\\\/index.php\\\/tuote\\\/avaimenpera-jaksuhali\\\/#breadcrumb\",\"itemListElement\":[{\"@type\":\"ListItem\",\"position\":1,\"name\":\"Etusivu\",\"item\":\"https:\\\/\\\/houseofsimone.fi\\\/\"},{\"@type\":\"ListItem\",\"position\":2,\"name\":\"Kauppa\",\"item\":\"https:\\\/\\\/houseofsimone.fi\\\/index.php\\\/kauppa\\\/\"},{\"@type\":\"ListItem\",\"position\":3,\"name\":\"Avaimenper\u00e4 \u201dJaksuhali\u201d\"}]},{\"@type\":\"WebSite\",\"@id\":\"https:\\\/\\\/houseofsimone.fi\\\/#website\",\"url\":\"https:\\\/\\\/houseofsimone.fi\\\/\",\"name\":\"House of Simone\",\"description\":\"\",\"publisher\":{\"@id\":\"https:\\\/\\\/houseofsimone.fi\\\/#organization\"},\"potentialAction\":[{\"@type\":\"SearchAction\",\"target\":{\"@type\":\"EntryPoint\",\"urlTemplate\":\"https:\\\/\\\/houseofsimone.fi\\\/?s={search_term_string}\"},\"query-input\":{\"@type\":\"PropertyValueSpecification\",\"valueRequired\":true,\"valueName\":\"search_term_string\"}}],\"inLanguage\":\"fi\"},{\"@type\":\"Organization\",\"@id\":\"https:\\\/\\\/houseofsimone.fi\\\/#organization\",\"name\":\"House of Simone\",\"url\":\"https:\\\/\\\/houseofsimone.fi\\\/\",\"logo\":{\"@type\":\"ImageObject\",\"inLanguage\":\"fi\",\"@id\":\"https:\\\/\\\/houseofsimone.fi\\\/#\\\/schema\\\/logo\\\/image\\\/\",\"url\":\"https:\\\/\\\/houseofsimone.fi\\\/wp-content\\\/uploads\\\/2022\\\/11\\\/cropped-House_of_simone_paalogo_varillinen-1.png\",\"contentUrl\":\"https:\\\/\\\/houseofsimone.fi\\\/wp-content\\\/uploads\\\/2022\\\/11\\\/cropped-House_of_simone_paalogo_varillinen-1.png\",\"width\":481,\"height\":481,\"caption\":\"House of Simone\"},\"image\":{\"@id\":\"https:\\\/\\\/houseofsimone.fi\\\/#\\\/schema\\\/logo\\\/image\\\/\"},\"sameAs\":[\"https:\\\/\\\/www.instagram.com\\\/houseofsimone.fi\\\/?hl=fi\"]}]}<\/script>\n<!-- \/ Yoast SEO plugin. -->","yoast_head_json":{"title":"Avaimenper\u00e4 \u201dJaksuhali\u201d - House of Simone","robots":{"index":"index","follow":"follow","max-snippet":"max-snippet:-1","max-image-preview":"max-image-preview:large","max-video-preview":"max-video-preview:-1"},"canonical":"https:\/\/houseofsimone.fi\/index.php\/tuote\/avaimenpera-jaksuhali\/","og_locale":"fi_FI","og_type":"article","og_title":"Avaimenper\u00e4 \u201dJaksuhali\u201d - House of Simone","og_description":"Mitat: 8cm x 1,5cm Materiaali k\u00e4sin v\u00e4rj\u00e4tty kasviparkittu naudannahka, metallinen avainrengas. House\u00a0of\u00a0Simone\u00a0tuotteiden raaka-aineena k\u00e4ytet\u00e4\u00e4n p\u00e4\u00e4s\u00e4\u00e4nt\u00f6isesti EU:n alueella eettisesti lihantuotannon sivuvirtana tuotettua kasviparkittua, v\u00e4rj\u00e4\u00e4m\u00e4t\u00f6nt\u00e4 naudanvuotaa, mutta my\u00f6s vaate- ja huonekaluteollisuuden ylij\u00e4\u00e4m\u00e4nahkaa, sek\u00e4 ylellisen silkkim\u00e4ist\u00e4 kotimaista poronnahkaa.","og_url":"https:\/\/houseofsimone.fi\/index.php\/tuote\/avaimenpera-jaksuhali\/","og_site_name":"House of Simone","article_modified_time":"2026-04-14T08:09:39+00:00","og_image":[{"width":2048,"height":1545,"url":"https:\/\/houseofsimone.fi\/wp-content\/uploads\/2026\/03\/IMG_4380.jpg","type":"image\/jpeg"}],"twitter_card":"summary_large_image","twitter_misc":{"Arvioitu lukuaika":"1 minuutti"},"schema":{"@context":"https:\/\/schema.org","@graph":[{"@type":"WebPage","@id":"https:\/\/houseofsimone.fi\/index.php\/tuote\/avaimenpera-jaksuhali\/","url":"https:\/\/houseofsimone.fi\/index.php\/tuote\/avaimenpera-jaksuhali\/","name":"Avaimenper\u00e4 \u201dJaksuhali\u201d - House of Simone","isPartOf":{"@id":"https:\/\/houseofsimone.fi\/#website"},"primaryImageOfPage":{"@id":"https:\/\/houseofsimone.fi\/index.php\/tuote\/avaimenpera-jaksuhali\/#primaryimage"},"image":{"@id":"https:\/\/houseofsimone.fi\/index.php\/tuote\/avaimenpera-jaksuhali\/#primaryimage"},"thumbnailUrl":"https:\/\/houseofsimone.fi\/wp-content\/uploads\/2026\/03\/IMG_4380.jpg","datePublished":"2026-03-18T12:06:54+00:00","dateModified":"2026-04-14T08:09:39+00:00","breadcrumb":{"@id":"https:\/\/houseofsimone.fi\/index.php\/tuote\/avaimenpera-jaksuhali\/#breadcrumb"},"inLanguage":"fi","potentialAction":[{"@type":"ReadAction","target":["https:\/\/houseofsimone.fi\/index.php\/tuote\/avaimenpera-jaksuhali\/"]}]},{"@type":"ImageObject","inLanguage":"fi","@id":"https:\/\/houseofsimone.fi\/index.php\/tuote\/avaimenpera-jaksuhali\/#primaryimage","url":"https:\/\/houseofsimone.fi\/wp-content\/uploads\/2026\/03\/IMG_4380.jpg","contentUrl":"https:\/\/houseofsimone.fi\/wp-content\/uploads\/2026\/03\/IMG_4380.jpg","width":2048,"height":1545},{"@type":"BreadcrumbList","@id":"https:\/\/houseofsimone.fi\/index.php\/tuote\/avaimenpera-jaksuhali\/#breadcrumb","itemListElement":[{"@type":"ListItem","position":1,"name":"Etusivu","item":"https:\/\/houseofsimone.fi\/"},{"@type":"ListItem","position":2,"name":"Kauppa","item":"https:\/\/houseofsimone.fi\/index.php\/kauppa\/"},{"@type":"ListItem","position":3,"name":"Avaimenper\u00e4 \u201dJaksuhali\u201d"}]},{"@type":"WebSite","@id":"https:\/\/houseofsimone.fi\/#website","url":"https:\/\/houseofsimone.fi\/","name":"House of Simone","description":"","publisher":{"@id":"https:\/\/houseofsimone.fi\/#organization"},"potentialAction":[{"@type":"SearchAction","target":{"@type":"EntryPoint","urlTemplate":"https:\/\/houseofsimone.fi\/?s={search_term_string}"},"query-input":{"@type":"PropertyValueSpecification","valueRequired":true,"valueName":"search_term_string"}}],"inLanguage":"fi"},{"@type":"Organization","@id":"https:\/\/houseofsimone.fi\/#organization","name":"House of Simone","url":"https:\/\/houseofsimone.fi\/","logo":{"@type":"ImageObject","inLanguage":"fi","@id":"https:\/\/houseofsimone.fi\/#\/schema\/logo\/image\/","url":"https:\/\/houseofsimone.fi\/wp-content\/uploads\/2022\/11\/cropped-House_of_simone_paalogo_varillinen-1.png","contentUrl":"https:\/\/houseofsimone.fi\/wp-content\/uploads\/2022\/11\/cropped-House_of_simone_paalogo_varillinen-1.png","width":481,"height":481,"caption":"House of Simone"},"image":{"@id":"https:\/\/houseofsimone.fi\/#\/schema\/logo\/image\/"},"sameAs":["https:\/\/www.instagram.com\/houseofsimone.fi\/?hl=fi"]}]}},"_links":{"self":[{"href":"https:\/\/houseofsimone.fi\/index.php\/wp-json\/wp\/v2\/product\/751","targetHints":{"allow":["GET"]}}],"collection":[{"href":"https:\/\/houseofsimone.fi\/index.php\/wp-json\/wp\/v2\/product"}],"about":[{"href":"https:\/\/houseofsimone.fi\/index.php\/wp-json\/wp\/v2\/types\/product"}],"replies":[{"embeddable":true,"href":"https:\/\/houseofsimone.fi\/index.php\/wp-json\/wp\/v2\/comments?post=751"}],"wp:featuredmedia":[{"embeddable":true,"href":"https:\/\/houseofsimone.fi\/index.php\/wp-json\/wp\/v2\/media\/768"}],"wp:attachment":[{"href":"https:\/\/houseofsimone.fi\/index.php\/wp-json\/wp\/v2\/media?parent=751"}],"wp:term":[{"taxonomy":"product_brand","embeddable":true,"href":"https:\/\/houseofsimone.fi\/index.php\/wp-json\/wp\/v2\/product_brand?post=751"},{"taxonomy":"product_cat","embeddable":true,"href":"https:\/\/houseofsimone.fi\/index.php\/wp-json\/wp\/v2\/product_cat?post=751"},{"taxonomy":"product_tag","embeddable":true,"href":"https:\/\/houseofsimone.fi\/index.php\/wp-json\/wp\/v2\/product_tag?post=751"}],"curies":[{"name":"wp","href":"https:\/\/api.w.org\/{rel}","templated":true}]}}