{"id":569,"date":"2026-03-16T14:48:01","date_gmt":"2026-03-16T14:48:01","guid":{"rendered":"https:\/\/houseofsimone.fi\/?post_type=product&#038;p=569"},"modified":"2026-04-14T08:09:39","modified_gmt":"2026-04-14T08:09:39","slug":"mittanauharannekoru-aitoa-nahkaa","status":"publish","type":"product","link":"https:\/\/houseofsimone.fi\/index.php\/tuote\/mittanauharannekoru-aitoa-nahkaa\/","title":{"rendered":"Mittanauharannekoru, aitoa nahkaa"},"content":{"rendered":"<p>Mittakuvio on leikattu laserilla tarkaksi ja v\u00e4rit sekoitetaan pigmenteist\u00e4 joka maalauskerta, joten pieni\u00e4 s\u00e4vyeroja saattaa l\u00f6yty\u00e4.<br \/>\nRanneke on viimeistelty nahan hoitoaineella ja kiinnitys tapahtuu ruuvinastalla.<\/p>\n<p>Pituuksia on kolme; 39, 42 ja 45cm, leveys 1,5cm.<\/p>\n<p>Ohje oikean koon valintaan: mittaa ranteen ymp\u00e4rys, kerro se kahdella ja lis\u00e4\u00e4 2-3cm. Valitse l\u00e4himm\u00e4ksi sopiva koko.<\/p>\n<p>Kasviparkittu nahka patinoituu k\u00e4yt\u00f6ss\u00e4 kauniisti, se on kevytt\u00e4 ja notkeaa, eik\u00e4 \u00e4rsyt\u00e4 herkk\u00e4\u00e4k\u00e4\u00e4n ihoa.<\/p>\n<p>House of Simone K\u00e4sity\u00f6l\u00e4isen kaverit -sarja valmistetaan EU:n alueella eettisesti lihantuotannon sivuvirtana tuotetusta kasviparkitusta, v\u00e4rj\u00e4\u00e4m\u00e4tt\u00f6m\u00e4st\u00e4 naudanvuodasta.<\/p>\n<p>Materiaali kest\u00e4\u00e4 hyvin aikaa ja patinoituu kauniisti k\u00e4yt\u00f6ss\u00e4.<\/p>\n","protected":false},"excerpt":{"rendered":"<p>Mittanauha, joka on aina mukana ja n\u00e4ytt\u00e4\u00e4 hyv\u00e4lt\u00e4!<br \/>\nToisella puolella sentit, toisella tuumat.<\/p>\n","protected":false},"featured_media":918,"comment_status":"open","ping_status":"closed","template":"","meta":{"_kad_post_transparent":"default","_kad_post_title":"","_kad_post_layout":"default","_kad_post_sidebar_id":"","_kad_post_content_style":"default","_kad_post_vertical_padding":"default","_kad_post_feature":"","_kad_post_feature_position":"","_kad_post_header":false,"_kad_post_footer":false,"_kad_post_classname":""},"product_brand":[],"product_cat":[16,36,79],"product_tag":[45,41,44,43,42],"class_list":{"0":"post-569","1":"product","2":"type-product","3":"status-publish","4":"has-post-thumbnail","6":"product_cat-kaikki","7":"product_cat-kasityolaisen-kaverit","8":"product_cat-mittarannekkeet","9":"product_tag-kasityolaisen-kaverit","10":"product_tag-mitta","11":"product_tag-mittanauha","12":"product_tag-mittarannekoru","13":"product_tag-rannekoru","15":"first","16":"instock","17":"taxable","18":"shipping-taxable","19":"purchasable","20":"product-type-variable","21":"has-default-attributes","22":"entry","23":"content-bg","24":"loop-entry"},"yoast_head":"<!-- This site is optimized with the Yoast SEO plugin v27.3 - https:\/\/yoast.com\/product\/yoast-seo-wordpress\/ -->\n<title>Mittanauharannekoru, aitoa nahkaa - House of Simone<\/title>\n<meta name=\"robots\" content=\"index, follow, max-snippet:-1, max-image-preview:large, max-video-preview:-1\" \/>\n<link rel=\"canonical\" href=\"https:\/\/houseofsimone.fi\/index.php\/tuote\/mittanauharannekoru-aitoa-nahkaa\/\" \/>\n<meta property=\"og:locale\" content=\"fi_FI\" \/>\n<meta property=\"og:type\" content=\"article\" \/>\n<meta property=\"og:title\" content=\"Mittanauharannekoru, aitoa nahkaa - House of Simone\" \/>\n<meta property=\"og:description\" content=\"Mittanauha, joka on aina mukana ja n\u00e4ytt\u00e4\u00e4 hyv\u00e4lt\u00e4! Toisella puolella sentit, toisella tuumat.\" \/>\n<meta property=\"og:url\" content=\"https:\/\/houseofsimone.fi\/index.php\/tuote\/mittanauharannekoru-aitoa-nahkaa\/\" \/>\n<meta property=\"og:site_name\" content=\"House of Simone\" \/>\n<meta property=\"article:modified_time\" content=\"2026-04-14T08:09:39+00:00\" \/>\n<meta property=\"og:image\" content=\"https:\/\/houseofsimone.fi\/wp-content\/uploads\/2026\/03\/IMG_3441_nelio-1.png\" \/>\n\t<meta property=\"og:image:width\" content=\"1200\" \/>\n\t<meta property=\"og:image:height\" content=\"1200\" \/>\n\t<meta property=\"og:image:type\" content=\"image\/png\" \/>\n<meta name=\"twitter:card\" content=\"summary_large_image\" \/>\n<meta name=\"twitter:label1\" content=\"Arvioitu lukuaika\" \/>\n\t<meta name=\"twitter:data1\" content=\"1 minuutti\" \/>\n<script type=\"application\/ld+json\" class=\"yoast-schema-graph\">{\"@context\":\"https:\\\/\\\/schema.org\",\"@graph\":[{\"@type\":\"WebPage\",\"@id\":\"https:\\\/\\\/houseofsimone.fi\\\/index.php\\\/tuote\\\/mittanauharannekoru-aitoa-nahkaa\\\/\",\"url\":\"https:\\\/\\\/houseofsimone.fi\\\/index.php\\\/tuote\\\/mittanauharannekoru-aitoa-nahkaa\\\/\",\"name\":\"Mittanauharannekoru, aitoa nahkaa - House of Simone\",\"isPartOf\":{\"@id\":\"https:\\\/\\\/houseofsimone.fi\\\/#website\"},\"primaryImageOfPage\":{\"@id\":\"https:\\\/\\\/houseofsimone.fi\\\/index.php\\\/tuote\\\/mittanauharannekoru-aitoa-nahkaa\\\/#primaryimage\"},\"image\":{\"@id\":\"https:\\\/\\\/houseofsimone.fi\\\/index.php\\\/tuote\\\/mittanauharannekoru-aitoa-nahkaa\\\/#primaryimage\"},\"thumbnailUrl\":\"https:\\\/\\\/houseofsimone.fi\\\/wp-content\\\/uploads\\\/2026\\\/03\\\/IMG_3441_nelio-1.png\",\"datePublished\":\"2026-03-16T14:48:01+00:00\",\"dateModified\":\"2026-04-14T08:09:39+00:00\",\"breadcrumb\":{\"@id\":\"https:\\\/\\\/houseofsimone.fi\\\/index.php\\\/tuote\\\/mittanauharannekoru-aitoa-nahkaa\\\/#breadcrumb\"},\"inLanguage\":\"fi\",\"potentialAction\":[{\"@type\":\"ReadAction\",\"target\":[\"https:\\\/\\\/houseofsimone.fi\\\/index.php\\\/tuote\\\/mittanauharannekoru-aitoa-nahkaa\\\/\"]}]},{\"@type\":\"ImageObject\",\"inLanguage\":\"fi\",\"@id\":\"https:\\\/\\\/houseofsimone.fi\\\/index.php\\\/tuote\\\/mittanauharannekoru-aitoa-nahkaa\\\/#primaryimage\",\"url\":\"https:\\\/\\\/houseofsimone.fi\\\/wp-content\\\/uploads\\\/2026\\\/03\\\/IMG_3441_nelio-1.png\",\"contentUrl\":\"https:\\\/\\\/houseofsimone.fi\\\/wp-content\\\/uploads\\\/2026\\\/03\\\/IMG_3441_nelio-1.png\",\"width\":1200,\"height\":1200},{\"@type\":\"BreadcrumbList\",\"@id\":\"https:\\\/\\\/houseofsimone.fi\\\/index.php\\\/tuote\\\/mittanauharannekoru-aitoa-nahkaa\\\/#breadcrumb\",\"itemListElement\":[{\"@type\":\"ListItem\",\"position\":1,\"name\":\"Etusivu\",\"item\":\"https:\\\/\\\/houseofsimone.fi\\\/\"},{\"@type\":\"ListItem\",\"position\":2,\"name\":\"Kauppa\",\"item\":\"https:\\\/\\\/houseofsimone.fi\\\/index.php\\\/kauppa\\\/\"},{\"@type\":\"ListItem\",\"position\":3,\"name\":\"Mittanauharannekoru, aitoa nahkaa\"}]},{\"@type\":\"WebSite\",\"@id\":\"https:\\\/\\\/houseofsimone.fi\\\/#website\",\"url\":\"https:\\\/\\\/houseofsimone.fi\\\/\",\"name\":\"House of Simone\",\"description\":\"\",\"publisher\":{\"@id\":\"https:\\\/\\\/houseofsimone.fi\\\/#organization\"},\"potentialAction\":[{\"@type\":\"SearchAction\",\"target\":{\"@type\":\"EntryPoint\",\"urlTemplate\":\"https:\\\/\\\/houseofsimone.fi\\\/?s={search_term_string}\"},\"query-input\":{\"@type\":\"PropertyValueSpecification\",\"valueRequired\":true,\"valueName\":\"search_term_string\"}}],\"inLanguage\":\"fi\"},{\"@type\":\"Organization\",\"@id\":\"https:\\\/\\\/houseofsimone.fi\\\/#organization\",\"name\":\"House of Simone\",\"url\":\"https:\\\/\\\/houseofsimone.fi\\\/\",\"logo\":{\"@type\":\"ImageObject\",\"inLanguage\":\"fi\",\"@id\":\"https:\\\/\\\/houseofsimone.fi\\\/#\\\/schema\\\/logo\\\/image\\\/\",\"url\":\"https:\\\/\\\/houseofsimone.fi\\\/wp-content\\\/uploads\\\/2022\\\/11\\\/cropped-House_of_simone_paalogo_varillinen-1.png\",\"contentUrl\":\"https:\\\/\\\/houseofsimone.fi\\\/wp-content\\\/uploads\\\/2022\\\/11\\\/cropped-House_of_simone_paalogo_varillinen-1.png\",\"width\":481,\"height\":481,\"caption\":\"House of Simone\"},\"image\":{\"@id\":\"https:\\\/\\\/houseofsimone.fi\\\/#\\\/schema\\\/logo\\\/image\\\/\"},\"sameAs\":[\"https:\\\/\\\/www.instagram.com\\\/houseofsimone.fi\\\/?hl=fi\"]}]}<\/script>\n<!-- \/ Yoast SEO plugin. -->","yoast_head_json":{"title":"Mittanauharannekoru, aitoa nahkaa - House of Simone","robots":{"index":"index","follow":"follow","max-snippet":"max-snippet:-1","max-image-preview":"max-image-preview:large","max-video-preview":"max-video-preview:-1"},"canonical":"https:\/\/houseofsimone.fi\/index.php\/tuote\/mittanauharannekoru-aitoa-nahkaa\/","og_locale":"fi_FI","og_type":"article","og_title":"Mittanauharannekoru, aitoa nahkaa - House of Simone","og_description":"Mittanauha, joka on aina mukana ja n\u00e4ytt\u00e4\u00e4 hyv\u00e4lt\u00e4! Toisella puolella sentit, toisella tuumat.","og_url":"https:\/\/houseofsimone.fi\/index.php\/tuote\/mittanauharannekoru-aitoa-nahkaa\/","og_site_name":"House of Simone","article_modified_time":"2026-04-14T08:09:39+00:00","og_image":[{"width":1200,"height":1200,"url":"https:\/\/houseofsimone.fi\/wp-content\/uploads\/2026\/03\/IMG_3441_nelio-1.png","type":"image\/png"}],"twitter_card":"summary_large_image","twitter_misc":{"Arvioitu lukuaika":"1 minuutti"},"schema":{"@context":"https:\/\/schema.org","@graph":[{"@type":"WebPage","@id":"https:\/\/houseofsimone.fi\/index.php\/tuote\/mittanauharannekoru-aitoa-nahkaa\/","url":"https:\/\/houseofsimone.fi\/index.php\/tuote\/mittanauharannekoru-aitoa-nahkaa\/","name":"Mittanauharannekoru, aitoa nahkaa - House of Simone","isPartOf":{"@id":"https:\/\/houseofsimone.fi\/#website"},"primaryImageOfPage":{"@id":"https:\/\/houseofsimone.fi\/index.php\/tuote\/mittanauharannekoru-aitoa-nahkaa\/#primaryimage"},"image":{"@id":"https:\/\/houseofsimone.fi\/index.php\/tuote\/mittanauharannekoru-aitoa-nahkaa\/#primaryimage"},"thumbnailUrl":"https:\/\/houseofsimone.fi\/wp-content\/uploads\/2026\/03\/IMG_3441_nelio-1.png","datePublished":"2026-03-16T14:48:01+00:00","dateModified":"2026-04-14T08:09:39+00:00","breadcrumb":{"@id":"https:\/\/houseofsimone.fi\/index.php\/tuote\/mittanauharannekoru-aitoa-nahkaa\/#breadcrumb"},"inLanguage":"fi","potentialAction":[{"@type":"ReadAction","target":["https:\/\/houseofsimone.fi\/index.php\/tuote\/mittanauharannekoru-aitoa-nahkaa\/"]}]},{"@type":"ImageObject","inLanguage":"fi","@id":"https:\/\/houseofsimone.fi\/index.php\/tuote\/mittanauharannekoru-aitoa-nahkaa\/#primaryimage","url":"https:\/\/houseofsimone.fi\/wp-content\/uploads\/2026\/03\/IMG_3441_nelio-1.png","contentUrl":"https:\/\/houseofsimone.fi\/wp-content\/uploads\/2026\/03\/IMG_3441_nelio-1.png","width":1200,"height":1200},{"@type":"BreadcrumbList","@id":"https:\/\/houseofsimone.fi\/index.php\/tuote\/mittanauharannekoru-aitoa-nahkaa\/#breadcrumb","itemListElement":[{"@type":"ListItem","position":1,"name":"Etusivu","item":"https:\/\/houseofsimone.fi\/"},{"@type":"ListItem","position":2,"name":"Kauppa","item":"https:\/\/houseofsimone.fi\/index.php\/kauppa\/"},{"@type":"ListItem","position":3,"name":"Mittanauharannekoru, aitoa nahkaa"}]},{"@type":"WebSite","@id":"https:\/\/houseofsimone.fi\/#website","url":"https:\/\/houseofsimone.fi\/","name":"House of Simone","description":"","publisher":{"@id":"https:\/\/houseofsimone.fi\/#organization"},"potentialAction":[{"@type":"SearchAction","target":{"@type":"EntryPoint","urlTemplate":"https:\/\/houseofsimone.fi\/?s={search_term_string}"},"query-input":{"@type":"PropertyValueSpecification","valueRequired":true,"valueName":"search_term_string"}}],"inLanguage":"fi"},{"@type":"Organization","@id":"https:\/\/houseofsimone.fi\/#organization","name":"House of Simone","url":"https:\/\/houseofsimone.fi\/","logo":{"@type":"ImageObject","inLanguage":"fi","@id":"https:\/\/houseofsimone.fi\/#\/schema\/logo\/image\/","url":"https:\/\/houseofsimone.fi\/wp-content\/uploads\/2022\/11\/cropped-House_of_simone_paalogo_varillinen-1.png","contentUrl":"https:\/\/houseofsimone.fi\/wp-content\/uploads\/2022\/11\/cropped-House_of_simone_paalogo_varillinen-1.png","width":481,"height":481,"caption":"House of Simone"},"image":{"@id":"https:\/\/houseofsimone.fi\/#\/schema\/logo\/image\/"},"sameAs":["https:\/\/www.instagram.com\/houseofsimone.fi\/?hl=fi"]}]}},"_links":{"self":[{"href":"https:\/\/houseofsimone.fi\/index.php\/wp-json\/wp\/v2\/product\/569","targetHints":{"allow":["GET"]}}],"collection":[{"href":"https:\/\/houseofsimone.fi\/index.php\/wp-json\/wp\/v2\/product"}],"about":[{"href":"https:\/\/houseofsimone.fi\/index.php\/wp-json\/wp\/v2\/types\/product"}],"replies":[{"embeddable":true,"href":"https:\/\/houseofsimone.fi\/index.php\/wp-json\/wp\/v2\/comments?post=569"}],"wp:featuredmedia":[{"embeddable":true,"href":"https:\/\/houseofsimone.fi\/index.php\/wp-json\/wp\/v2\/media\/918"}],"wp:attachment":[{"href":"https:\/\/houseofsimone.fi\/index.php\/wp-json\/wp\/v2\/media?parent=569"}],"wp:term":[{"taxonomy":"product_brand","embeddable":true,"href":"https:\/\/houseofsimone.fi\/index.php\/wp-json\/wp\/v2\/product_brand?post=569"},{"taxonomy":"product_cat","embeddable":true,"href":"https:\/\/houseofsimone.fi\/index.php\/wp-json\/wp\/v2\/product_cat?post=569"},{"taxonomy":"product_tag","embeddable":true,"href":"https:\/\/houseofsimone.fi\/index.php\/wp-json\/wp\/v2\/product_tag?post=569"}],"curies":[{"name":"wp","href":"https:\/\/api.w.org\/{rel}","templated":true}]}}