{"id":18,"date":"2022-11-28T14:02:24","date_gmt":"2022-11-28T14:02:24","guid":{"rendered":"https:\/\/houseofsimone.fi\/?page_id=18"},"modified":"2026-04-15T10:16:42","modified_gmt":"2026-04-15T10:16:42","slug":"elementor-18","status":"publish","type":"page","link":"https:\/\/houseofsimone.fi\/index.php\/elementor-18\/","title":{"rendered":"Materiaalista"},"content":{"rendered":"\t\t<div data-elementor-type=\"wp-post\" data-elementor-id=\"18\" class=\"elementor elementor-18\">\n\t\t\t\t\t\t<section class=\"elementor-section elementor-top-section elementor-element elementor-element-2f27adb elementor-section-boxed elementor-section-height-default elementor-section-height-default\" data-id=\"2f27adb\" data-element_type=\"section\" data-e-type=\"section\">\n\t\t\t\t\t\t<div class=\"elementor-container elementor-column-gap-default\">\n\t\t\t\t\t<div class=\"elementor-column elementor-col-100 elementor-top-column elementor-element elementor-element-0bb6621\" data-id=\"0bb6621\" data-element_type=\"column\" data-e-type=\"column\">\n\t\t\t<div class=\"elementor-widget-wrap elementor-element-populated\">\n\t\t\t\t\t\t<div class=\"elementor-element elementor-element-3a54fd5 elementor-widget elementor-widget-heading\" data-id=\"3a54fd5\" data-element_type=\"widget\" data-e-type=\"widget\" data-widget_type=\"heading.default\">\n\t\t\t\t<div class=\"elementor-widget-container\">\n\t\t\t\t\t<h2 class=\"elementor-heading-title elementor-size-default\">Materiaalista<\/h2>\t\t\t\t<\/div>\n\t\t\t\t<\/div>\n\t\t\t\t<section class=\"elementor-section elementor-inner-section elementor-element elementor-element-bde4c66 elementor-section-boxed elementor-section-height-default elementor-section-height-default\" data-id=\"bde4c66\" data-element_type=\"section\" data-e-type=\"section\">\n\t\t\t\t\t\t<div class=\"elementor-container elementor-column-gap-default\">\n\t\t\t\t\t<div class=\"elementor-column elementor-col-50 elementor-inner-column elementor-element elementor-element-120f1c4\" data-id=\"120f1c4\" data-element_type=\"column\" data-e-type=\"column\">\n\t\t\t<div class=\"elementor-widget-wrap elementor-element-populated\">\n\t\t\t\t\t\t<div class=\"elementor-element elementor-element-f34f884 elementor-widget elementor-widget-image\" data-id=\"f34f884\" data-element_type=\"widget\" data-e-type=\"widget\" data-widget_type=\"image.default\">\n\t\t\t\t<div class=\"elementor-widget-container\">\n\t\t\t\t\t\t\t\t\t\t\t\t<figure class=\"wp-caption\">\n\t\t\t\t\t\t\t\t\t\t<img fetchpriority=\"high\" decoding=\"async\" width=\"1024\" height=\"683\" src=\"https:\/\/houseofsimone.fi\/wp-content\/uploads\/2022\/11\/MG_0861.jpg\" class=\"attachment-large size-large wp-image-25\" alt=\"\" srcset=\"https:\/\/houseofsimone.fi\/wp-content\/uploads\/2022\/11\/MG_0861.jpg 2048w, https:\/\/houseofsimone.fi\/wp-content\/uploads\/2022\/11\/MG_0861-600x400.jpg 600w\" sizes=\"(max-width: 1024px) 100vw, 1024px\" \/>\t\t\t\t\t\t\t\t\t\t\t<figcaption class=\"widget-image-caption wp-caption-text\">Kuva: Elsa Wellamo<\/figcaption>\n\t\t\t\t\t\t\t\t\t\t<\/figure>\n\t\t\t\t\t\t\t\t\t<\/div>\n\t\t\t\t<\/div>\n\t\t\t\t\t<\/div>\n\t\t<\/div>\n\t\t\t\t<div class=\"elementor-column elementor-col-50 elementor-inner-column elementor-element elementor-element-e66c510\" data-id=\"e66c510\" data-element_type=\"column\" data-e-type=\"column\">\n\t\t\t<div class=\"elementor-widget-wrap elementor-element-populated\">\n\t\t\t\t\t\t<div class=\"elementor-element elementor-element-d01140d elementor-widget elementor-widget-text-editor\" data-id=\"d01140d\" data-element_type=\"widget\" data-e-type=\"widget\" data-widget_type=\"text-editor.default\">\n\t\t\t\t<div class=\"elementor-widget-container\">\n\t\t\t\t\t\t\t\t\t<p>House of Simone korujen raaka-aineena k\u00e4ytet\u00e4\u00e4n p\u00e4\u00e4s\u00e4\u00e4nt\u00f6isesti EU:n alueella eettisesti lihantuotannon sivuvirtana tuotettua kasviparkittua, v\u00e4rj\u00e4\u00e4m\u00e4t\u00f6nt\u00e4 naudanvuotaa, mutta my\u00f6s vaate- ja huonekaluteollisuuden ylij\u00e4\u00e4m\u00e4nahkaa, sek\u00e4 ylellisen silkkim\u00e4ist\u00e4 kotimaista poronnahkaa.\u00a0<\/p><p>K\u00e4ytt\u00e4m\u00e4ni materiaalit ovat kesken\u00e4\u00e4n hyvin erilaisia ja niiden k\u00e4ytt\u00f6tarkoitus ja ty\u00f6st\u00e4minen eroavat toisistaan. Nahka on materiaalina ainutlaatuinen, sen k\u00e4ytt\u00f6tarkoitukset ovat moninaiset. Nahalla on my\u00f6s vahva oma tahtonsa, mutta kun sen kanssa oppii toimimaan, vie se my\u00f6s helposti mukanaan. On enemm\u00e4nkin rikkaus, ett\u00e4 nahka ei ole materiaalina koskaan t\u00e4ysin stabiili vaan siit\u00e4 muotoutuvat esineet ovat jokainen uniikkeja, ainutlaatuisia.<\/p>\t\t\t\t\t\t\t\t<\/div>\n\t\t\t\t<\/div>\n\t\t\t\t\t<\/div>\n\t\t<\/div>\n\t\t\t\t\t<\/div>\n\t\t<\/section>\n\t\t\t\t\t<\/div>\n\t\t<\/div>\n\t\t\t\t\t<\/div>\n\t\t<\/section>\n\t\t\t\t<section class=\"elementor-section elementor-top-section elementor-element elementor-element-85b722a elementor-reverse-mobile elementor-section-boxed elementor-section-height-default elementor-section-height-default\" data-id=\"85b722a\" data-element_type=\"section\" data-e-type=\"section\">\n\t\t\t\t\t\t<div class=\"elementor-container elementor-column-gap-default\">\n\t\t\t\t\t<div class=\"elementor-column elementor-col-100 elementor-top-column elementor-element elementor-element-0b67feb\" data-id=\"0b67feb\" data-element_type=\"column\" data-e-type=\"column\">\n\t\t\t<div class=\"elementor-widget-wrap elementor-element-populated\">\n\t\t\t\t\t\t<section class=\"elementor-section elementor-inner-section elementor-element elementor-element-a14ba19 elementor-section-boxed elementor-section-height-default elementor-section-height-default\" data-id=\"a14ba19\" data-element_type=\"section\" data-e-type=\"section\">\n\t\t\t\t\t\t<div class=\"elementor-container elementor-column-gap-default\">\n\t\t\t\t\t<div class=\"elementor-column elementor-col-50 elementor-inner-column elementor-element elementor-element-efd5c39\" data-id=\"efd5c39\" data-element_type=\"column\" data-e-type=\"column\">\n\t\t\t<div class=\"elementor-widget-wrap elementor-element-populated\">\n\t\t\t\t\t\t<div class=\"elementor-element elementor-element-764c348 elementor-widget__width-initial elementor-widget elementor-widget-text-editor\" data-id=\"764c348\" data-element_type=\"widget\" data-e-type=\"widget\" data-widget_type=\"text-editor.default\">\n\t\t\t\t<div class=\"elementor-widget-container\">\n\t\t\t\t\t\t\t\t\t<p>Kasviparkkia ty\u00f6st\u00e4n perinteisin ty\u00f6menetelmin, muotoilupuikolla k\u00e4sin m\u00e4rk\u00e4n\u00e4 muotoon pakottaen, ilman mink\u00e4\u00e4nlaisia kemikaaleja.Ty\u00f6tekniikka on omani, syntynyt historiallisia tekniikoita yhdist\u00e4m\u00e4ll\u00e4 ja soveltamalla. Yksi pohjana olleista tekniikoista on hyvin vanha cuir bouilli -tekniikka, jota on k\u00e4ytetty sotureiden rintapanssareiden, rannesuojien ja haarniskoiden valmistukseen aikana ennen tuliaseita. Nykyisin samaa tekniikkaa k\u00e4ytet\u00e4\u00e4n muun muassa lampun varjostimien tekemiseen. Nahan kuviointi on puolestaan nykyisinkin tuttua esimerkiksi puukontupista, v\u00f6ist\u00e4, ja satulalaukuista. Kuviointitekniikoita on monia erilaisia ja jokaisen tekij\u00e4n k\u00e4denj\u00e4lki on omanlaisensa.<\/p><p>Omaan tekniikkaani liittyy monta ty\u00f6vaihetta, alkaen mallin luonnostelusta ja puhtaaksi piirt\u00e4misest\u00e4. Jokainen uusi muoto vaatii useita protoja ja kokeiluja, ennen kuin muodon lopputulos on viilattu toivottuun kokoon ja muotoon.<\/p>\t\t\t\t\t\t\t\t<\/div>\n\t\t\t\t<\/div>\n\t\t\t\t\t<\/div>\n\t\t<\/div>\n\t\t\t\t<div class=\"elementor-column elementor-col-50 elementor-inner-column elementor-element elementor-element-42f84b8\" data-id=\"42f84b8\" data-element_type=\"column\" data-e-type=\"column\">\n\t\t\t<div class=\"elementor-widget-wrap elementor-element-populated\">\n\t\t\t\t\t\t<div class=\"elementor-element elementor-element-8361820 elementor-widget elementor-widget-image\" data-id=\"8361820\" data-element_type=\"widget\" data-e-type=\"widget\" data-widget_type=\"image.default\">\n\t\t\t\t<div class=\"elementor-widget-container\">\n\t\t\t\t\t\t\t\t\t\t\t\t<figure class=\"wp-caption\">\n\t\t\t\t\t\t\t\t\t\t<img decoding=\"async\" width=\"768\" height=\"1152\" src=\"https:\/\/houseofsimone.fi\/wp-content\/uploads\/2022\/11\/MG_0815-Edit-768x1152.jpg\" class=\"attachment-medium_large size-medium_large wp-image-76\" alt=\"\" srcset=\"https:\/\/houseofsimone.fi\/wp-content\/uploads\/2022\/11\/MG_0815-Edit-768x1152.jpg 768w, https:\/\/houseofsimone.fi\/wp-content\/uploads\/2022\/11\/MG_0815-Edit-600x900.jpg 600w, https:\/\/houseofsimone.fi\/wp-content\/uploads\/2022\/11\/MG_0815-Edit-200x300.jpg 200w, https:\/\/houseofsimone.fi\/wp-content\/uploads\/2022\/11\/MG_0815-Edit-683x1024.jpg 683w, https:\/\/houseofsimone.fi\/wp-content\/uploads\/2022\/11\/MG_0815-Edit-1024x1536.jpg 1024w, https:\/\/houseofsimone.fi\/wp-content\/uploads\/2022\/11\/MG_0815-Edit.jpg 1365w\" sizes=\"(max-width: 768px) 100vw, 768px\" \/>\t\t\t\t\t\t\t\t\t\t\t<figcaption class=\"widget-image-caption wp-caption-text\">Kuva: Elsa Wellamo<\/figcaption>\n\t\t\t\t\t\t\t\t\t\t<\/figure>\n\t\t\t\t\t\t\t\t\t<\/div>\n\t\t\t\t<\/div>\n\t\t\t\t\t<\/div>\n\t\t<\/div>\n\t\t\t\t\t<\/div>\n\t\t<\/section>\n\t\t\t\t\t<\/div>\n\t\t<\/div>\n\t\t\t\t\t<\/div>\n\t\t<\/section>\n\t\t\t\t<section class=\"elementor-section elementor-top-section elementor-element elementor-element-6141a02 elementor-section-boxed elementor-section-height-default elementor-section-height-default\" data-id=\"6141a02\" data-element_type=\"section\" data-e-type=\"section\">\n\t\t\t\t\t\t<div class=\"elementor-container elementor-column-gap-default\">\n\t\t\t\t\t<div class=\"elementor-column elementor-col-100 elementor-top-column elementor-element elementor-element-33a0864\" data-id=\"33a0864\" data-element_type=\"column\" data-e-type=\"column\">\n\t\t\t<div class=\"elementor-widget-wrap elementor-element-populated\">\n\t\t\t\t\t\t<section class=\"elementor-section elementor-inner-section elementor-element elementor-element-2e980e7 elementor-section-boxed elementor-section-height-default elementor-section-height-default\" data-id=\"2e980e7\" data-element_type=\"section\" data-e-type=\"section\">\n\t\t\t\t\t\t<div class=\"elementor-container elementor-column-gap-default\">\n\t\t\t\t\t<div class=\"elementor-column elementor-col-50 elementor-inner-column elementor-element elementor-element-41e96ed\" data-id=\"41e96ed\" data-element_type=\"column\" data-e-type=\"column\">\n\t\t\t<div class=\"elementor-widget-wrap elementor-element-populated\">\n\t\t\t\t\t\t<div class=\"elementor-element elementor-element-6620cea elementor-widget elementor-widget-image\" data-id=\"6620cea\" data-element_type=\"widget\" data-e-type=\"widget\" data-widget_type=\"image.default\">\n\t\t\t\t<div class=\"elementor-widget-container\">\n\t\t\t\t\t\t\t\t\t\t\t\t<figure class=\"wp-caption\">\n\t\t\t\t\t\t\t\t\t\t<img decoding=\"async\" width=\"1024\" height=\"683\" src=\"https:\/\/houseofsimone.fi\/wp-content\/uploads\/2022\/11\/MG_0836-Edit-1024x683.jpg\" class=\"attachment-large size-large wp-image-21\" alt=\"\" srcset=\"https:\/\/houseofsimone.fi\/wp-content\/uploads\/2022\/11\/MG_0836-Edit-1024x683.jpg 1024w, https:\/\/houseofsimone.fi\/wp-content\/uploads\/2022\/11\/MG_0836-Edit-600x400.jpg 600w, https:\/\/houseofsimone.fi\/wp-content\/uploads\/2022\/11\/MG_0836-Edit-300x200.jpg 300w, https:\/\/houseofsimone.fi\/wp-content\/uploads\/2022\/11\/MG_0836-Edit-768x512.jpg 768w, https:\/\/houseofsimone.fi\/wp-content\/uploads\/2022\/11\/MG_0836-Edit-1536x1024.jpg 1536w, https:\/\/houseofsimone.fi\/wp-content\/uploads\/2022\/11\/MG_0836-Edit.jpg 2048w\" sizes=\"(max-width: 1024px) 100vw, 1024px\" \/>\t\t\t\t\t\t\t\t\t\t\t<figcaption class=\"widget-image-caption wp-caption-text\">Kuva: Elsa Wellamo<\/figcaption>\n\t\t\t\t\t\t\t\t\t\t<\/figure>\n\t\t\t\t\t\t\t\t\t<\/div>\n\t\t\t\t<\/div>\n\t\t\t\t\t<\/div>\n\t\t<\/div>\n\t\t\t\t<div class=\"elementor-column elementor-col-50 elementor-inner-column elementor-element elementor-element-98e15a1\" data-id=\"98e15a1\" data-element_type=\"column\" data-e-type=\"column\">\n\t\t\t<div class=\"elementor-widget-wrap elementor-element-populated\">\n\t\t\t\t\t\t<div class=\"elementor-element elementor-element-5d01f94 elementor-widget elementor-widget-text-editor\" data-id=\"5d01f94\" data-element_type=\"widget\" data-e-type=\"widget\" data-widget_type=\"text-editor.default\">\n\t\t\t\t<div class=\"elementor-widget-container\">\n\t\t\t\t\t\t\t\t\t<p>Nahka hankitaan kokonaisina tai puolikkaina vuotina, joista osaan yhteisty\u00f6yritys leikkaa aihiot laserilla. Laserleikkausta k\u00e4yt\u00e4n osaan pienempi\u00e4 koruaihioita, mutta paljon leikkaan my\u00f6s perinteisesti k\u00e4sin.<br>Nahka muotoillaan kosteana ja t\u00e4m\u00e4 k\u00e4sity\u00f6n vaihe on sellainen, jota voin tehd\u00e4 vain tietyn ajan ty\u00f6viikosta, jotta k\u00e4det kest\u00e4v\u00e4t.<br>Taidon ja tekniikan lis\u00e4ksi nahan pakottaminen vaatii my\u00f6s jonkin verran voimaa.<br>Muotoillut aihiot kuivuvat tasaisessa huoneenl\u00e4mm\u00f6ss\u00e4, jonka j\u00e4lkeen on v\u00e4rien aika. Kuivuttuaan aihiot ovat hyvin kevyit\u00e4 ja joustavan sitkeit\u00e4.<br>Sekoitan nahkav\u00e4rit joka maalauskerta erikseen ja maalaan jokaisen aihion yksitellen. Vuodan jokainen kohta imee v\u00e4ri\u00e4 aina hiukan eri tavalla, joten j\u00e4nnityksell\u00e4 aina odotan, miksi s\u00e4vyt lopulta muotoutuvat.<\/p>\t\t\t\t\t\t\t\t<\/div>\n\t\t\t\t<\/div>\n\t\t\t\t\t<\/div>\n\t\t<\/div>\n\t\t\t\t\t<\/div>\n\t\t<\/section>\n\t\t\t\t\t<\/div>\n\t\t<\/div>\n\t\t\t\t\t<\/div>\n\t\t<\/section>\n\t\t\t\t<section class=\"elementor-section elementor-top-section elementor-element elementor-element-619dd51 elementor-section-boxed elementor-section-height-default elementor-section-height-default\" data-id=\"619dd51\" data-element_type=\"section\" data-e-type=\"section\">\n\t\t\t\t\t\t<div class=\"elementor-container elementor-column-gap-default\">\n\t\t\t\t\t<div class=\"elementor-column elementor-col-100 elementor-top-column elementor-element elementor-element-ca403a4\" data-id=\"ca403a4\" data-element_type=\"column\" data-e-type=\"column\">\n\t\t\t<div class=\"elementor-widget-wrap elementor-element-populated\">\n\t\t\t\t\t\t<div class=\"elementor-element elementor-element-5835b0a elementor-widget elementor-widget-text-editor\" data-id=\"5835b0a\" data-element_type=\"widget\" data-e-type=\"widget\" data-widget_type=\"text-editor.default\">\n\t\t\t\t<div class=\"elementor-widget-container\">\n\t\t\t\t\t\t\t\t\t<p><\/p>\n<p>Nyt p\u00e4\u00e4st\u00e4\u00e4n korujen kanssa siihen helpoimpaan vaiheeseen, eli kasaamaan korua.<\/p>\n<p>Kuten moni ty\u00f6kseen tai harrastuksenaan koruja tekev\u00e4 tiet\u00e4\u00e4, on se varsin terapeuttinen ty\u00f6vaihe \u2013 siihen uppoutuu helposti niin, ett\u00e4 ajan kulun voi kokonaan unohtaa. Korun valmistukseen kuluu siis keskim\u00e4\u00e4rin kymmenen vuorokautta ja monta eri k\u00e4sity\u00f6n vaihetta. K\u00e4ytt\u00e4m\u00e4ni nahka on my\u00f6s melko arvokas materiaali, joten t\u00e4m\u00e4 ehk\u00e4 avaa my\u00f6s hiukan sit\u00e4, mist\u00e4 valmiin korun hinta muodostuu.<\/p>\n<p>Jos nahkaty\u00f6t kiinnostavat, on pajallani Kangasalla mahdollisuus j\u00e4rjest\u00e4\u00e4 tilauskursseja maksimissaan 12 henkil\u00f6lle kerrallaan.<br>Ota yhteytt\u00e4, suunnitellaan teille sopiva kokonaisuus ja ajankohta.<\/p>\n<p>My\u00f6s opistojen viikonloppukurssit ovat hyv\u00e4 mahdollisuus kokeilla erilaisia materiaaleja ja ty\u00f6tekniikoita. Opetan Pirkanmaalla muutamissa opistoissa, k\u00e4y siis kurkkaamassa&nbsp;<a href=\"https:\/\/sastamalanopisto.fi\/\" target=\"_blank\">Sastamalan Opiston<\/a>,&nbsp;<a href=\"https:\/\/www.tampere.fi\/tampereen-seudun-tyovaenopisto\" target=\"_blank\">Tampereen Ty\u00f6v\u00e4enopiston<\/a>,&nbsp;<a href=\"https:\/\/www.ahjola.fi\/opiskelu-ja-harrastukset\/kansalaisopiston-kurssit\/\" target=\"_blank\">Ahjolan<\/a>&nbsp;tai&nbsp;<a href=\"https:\/\/valkeakoski-opisto.valkeakoski.fi\/\" target=\"_blank\">Valkeakoski Opiston<\/a>&nbsp;kurssivalikoimista l\u00f6ytyisik\u00f6 sielt\u00e4 sulle sopivaa?<\/p>\t\t\t\t\t\t\t\t<\/div>\n\t\t\t\t<\/div>\n\t\t\t\t\t<\/div>\n\t\t<\/div>\n\t\t\t\t\t<\/div>\n\t\t<\/section>\n\t\t\t\t<\/div>\n\t\t","protected":false},"excerpt":{"rendered":"<p>Materiaalista Kuva: Elsa Wellamo House of Simone korujen raaka-aineena k\u00e4ytet\u00e4\u00e4n p\u00e4\u00e4s\u00e4\u00e4nt\u00f6isesti EU:n alueella eettisesti lihantuotannon sivuvirtana tuotettua kasviparkittua, v\u00e4rj\u00e4\u00e4m\u00e4t\u00f6nt\u00e4 naudanvuotaa, mutta my\u00f6s vaate- ja huonekaluteollisuuden ylij\u00e4\u00e4m\u00e4nahkaa, sek\u00e4 ylellisen silkkim\u00e4ist\u00e4 kotimaista poronnahkaa.\u00a0 K\u00e4ytt\u00e4m\u00e4ni materiaalit ovat kesken\u00e4\u00e4n hyvin erilaisia ja niiden k\u00e4ytt\u00f6tarkoitus ja ty\u00f6st\u00e4minen eroavat toisistaan. Nahka on materiaalina ainutlaatuinen, sen k\u00e4ytt\u00f6tarkoitukset ovat moninaiset. Nahalla on my\u00f6s&#8230;<\/p>\n","protected":false},"author":1,"featured_media":0,"parent":0,"menu_order":0,"comment_status":"closed","ping_status":"closed","template":"","meta":{"_kad_post_transparent":"","_kad_post_title":"","_kad_post_layout":"","_kad_post_sidebar_id":"","_kad_post_content_style":"","_kad_post_vertical_padding":"","_kad_post_feature":"","_kad_post_feature_position":"","_kad_post_header":false,"_kad_post_footer":false,"_kad_post_classname":"","footnotes":""},"class_list":["post-18","page","type-page","status-publish","hentry"],"yoast_head":"<!-- This site is optimized with the Yoast SEO plugin v27.5 - https:\/\/yoast.com\/product\/yoast-seo-wordpress\/ -->\n<title>Materiaalista - House of Simone<\/title>\n<meta name=\"robots\" content=\"index, follow, max-snippet:-1, max-image-preview:large, max-video-preview:-1\" \/>\n<link rel=\"canonical\" href=\"https:\/\/houseofsimone.fi\/index.php\/elementor-18\/\" \/>\n<meta property=\"og:locale\" content=\"fi_FI\" \/>\n<meta property=\"og:type\" content=\"article\" \/>\n<meta property=\"og:title\" content=\"Materiaalista - House of Simone\" \/>\n<meta property=\"og:description\" content=\"Materiaalista Kuva: Elsa Wellamo House of Simone korujen raaka-aineena k\u00e4ytet\u00e4\u00e4n p\u00e4\u00e4s\u00e4\u00e4nt\u00f6isesti EU:n alueella eettisesti lihantuotannon sivuvirtana tuotettua kasviparkittua, v\u00e4rj\u00e4\u00e4m\u00e4t\u00f6nt\u00e4 naudanvuotaa, mutta my\u00f6s vaate- ja huonekaluteollisuuden ylij\u00e4\u00e4m\u00e4nahkaa, sek\u00e4 ylellisen silkkim\u00e4ist\u00e4 kotimaista poronnahkaa.\u00a0 K\u00e4ytt\u00e4m\u00e4ni materiaalit ovat kesken\u00e4\u00e4n hyvin erilaisia ja niiden k\u00e4ytt\u00f6tarkoitus ja ty\u00f6st\u00e4minen eroavat toisistaan. Nahka on materiaalina ainutlaatuinen, sen k\u00e4ytt\u00f6tarkoitukset ovat moninaiset. Nahalla on my\u00f6s...\" \/>\n<meta property=\"og:url\" content=\"https:\/\/houseofsimone.fi\/index.php\/elementor-18\/\" \/>\n<meta property=\"og:site_name\" content=\"House of Simone\" \/>\n<meta property=\"article:modified_time\" content=\"2026-04-15T10:16:42+00:00\" \/>\n<meta property=\"og:image\" content=\"https:\/\/houseofsimone.fi\/wp-content\/uploads\/2022\/11\/MG_0861.jpg\" \/>\n\t<meta property=\"og:image:width\" content=\"2048\" \/>\n\t<meta property=\"og:image:height\" content=\"1365\" \/>\n\t<meta property=\"og:image:type\" content=\"image\/jpeg\" \/>\n<meta name=\"twitter:card\" content=\"summary_large_image\" \/>\n<meta name=\"twitter:label1\" content=\"Arvioitu lukuaika\" \/>\n\t<meta name=\"twitter:data1\" content=\"4 minuuttia\" \/>\n<script type=\"application\/ld+json\" class=\"yoast-schema-graph\">{\"@context\":\"https:\\\/\\\/schema.org\",\"@graph\":[{\"@type\":\"WebPage\",\"@id\":\"https:\\\/\\\/houseofsimone.fi\\\/index.php\\\/elementor-18\\\/\",\"url\":\"https:\\\/\\\/houseofsimone.fi\\\/index.php\\\/elementor-18\\\/\",\"name\":\"Materiaalista - House of Simone\",\"isPartOf\":{\"@id\":\"https:\\\/\\\/houseofsimone.fi\\\/#website\"},\"primaryImageOfPage\":{\"@id\":\"https:\\\/\\\/houseofsimone.fi\\\/index.php\\\/elementor-18\\\/#primaryimage\"},\"image\":{\"@id\":\"https:\\\/\\\/houseofsimone.fi\\\/index.php\\\/elementor-18\\\/#primaryimage\"},\"thumbnailUrl\":\"https:\\\/\\\/houseofsimone.fi\\\/wp-content\\\/uploads\\\/2022\\\/11\\\/MG_0861.jpg\",\"datePublished\":\"2022-11-28T14:02:24+00:00\",\"dateModified\":\"2026-04-15T10:16:42+00:00\",\"breadcrumb\":{\"@id\":\"https:\\\/\\\/houseofsimone.fi\\\/index.php\\\/elementor-18\\\/#breadcrumb\"},\"inLanguage\":\"fi\",\"potentialAction\":[{\"@type\":\"ReadAction\",\"target\":[\"https:\\\/\\\/houseofsimone.fi\\\/index.php\\\/elementor-18\\\/\"]}]},{\"@type\":\"ImageObject\",\"inLanguage\":\"fi\",\"@id\":\"https:\\\/\\\/houseofsimone.fi\\\/index.php\\\/elementor-18\\\/#primaryimage\",\"url\":\"https:\\\/\\\/houseofsimone.fi\\\/wp-content\\\/uploads\\\/2022\\\/11\\\/MG_0861.jpg\",\"contentUrl\":\"https:\\\/\\\/houseofsimone.fi\\\/wp-content\\\/uploads\\\/2022\\\/11\\\/MG_0861.jpg\",\"width\":2048,\"height\":1365},{\"@type\":\"BreadcrumbList\",\"@id\":\"https:\\\/\\\/houseofsimone.fi\\\/index.php\\\/elementor-18\\\/#breadcrumb\",\"itemListElement\":[{\"@type\":\"ListItem\",\"position\":1,\"name\":\"Etusivu\",\"item\":\"https:\\\/\\\/houseofsimone.fi\\\/\"},{\"@type\":\"ListItem\",\"position\":2,\"name\":\"Materiaalista\"}]},{\"@type\":\"WebSite\",\"@id\":\"https:\\\/\\\/houseofsimone.fi\\\/#website\",\"url\":\"https:\\\/\\\/houseofsimone.fi\\\/\",\"name\":\"House of Simone\",\"description\":\"\",\"publisher\":{\"@id\":\"https:\\\/\\\/houseofsimone.fi\\\/#organization\"},\"potentialAction\":[{\"@type\":\"SearchAction\",\"target\":{\"@type\":\"EntryPoint\",\"urlTemplate\":\"https:\\\/\\\/houseofsimone.fi\\\/?s={search_term_string}\"},\"query-input\":{\"@type\":\"PropertyValueSpecification\",\"valueRequired\":true,\"valueName\":\"search_term_string\"}}],\"inLanguage\":\"fi\"},{\"@type\":\"Organization\",\"@id\":\"https:\\\/\\\/houseofsimone.fi\\\/#organization\",\"name\":\"House of Simone\",\"url\":\"https:\\\/\\\/houseofsimone.fi\\\/\",\"logo\":{\"@type\":\"ImageObject\",\"inLanguage\":\"fi\",\"@id\":\"https:\\\/\\\/houseofsimone.fi\\\/#\\\/schema\\\/logo\\\/image\\\/\",\"url\":\"https:\\\/\\\/houseofsimone.fi\\\/wp-content\\\/uploads\\\/2022\\\/11\\\/cropped-House_of_simone_paalogo_varillinen-1.png\",\"contentUrl\":\"https:\\\/\\\/houseofsimone.fi\\\/wp-content\\\/uploads\\\/2022\\\/11\\\/cropped-House_of_simone_paalogo_varillinen-1.png\",\"width\":481,\"height\":481,\"caption\":\"House of Simone\"},\"image\":{\"@id\":\"https:\\\/\\\/houseofsimone.fi\\\/#\\\/schema\\\/logo\\\/image\\\/\"},\"sameAs\":[\"https:\\\/\\\/www.instagram.com\\\/houseofsimone.fi\\\/?hl=fi\"]}]}<\/script>\n<!-- \/ Yoast SEO plugin. -->","yoast_head_json":{"title":"Materiaalista - House of Simone","robots":{"index":"index","follow":"follow","max-snippet":"max-snippet:-1","max-image-preview":"max-image-preview:large","max-video-preview":"max-video-preview:-1"},"canonical":"https:\/\/houseofsimone.fi\/index.php\/elementor-18\/","og_locale":"fi_FI","og_type":"article","og_title":"Materiaalista - House of Simone","og_description":"Materiaalista Kuva: Elsa Wellamo House of Simone korujen raaka-aineena k\u00e4ytet\u00e4\u00e4n p\u00e4\u00e4s\u00e4\u00e4nt\u00f6isesti EU:n alueella eettisesti lihantuotannon sivuvirtana tuotettua kasviparkittua, v\u00e4rj\u00e4\u00e4m\u00e4t\u00f6nt\u00e4 naudanvuotaa, mutta my\u00f6s vaate- ja huonekaluteollisuuden ylij\u00e4\u00e4m\u00e4nahkaa, sek\u00e4 ylellisen silkkim\u00e4ist\u00e4 kotimaista poronnahkaa.\u00a0 K\u00e4ytt\u00e4m\u00e4ni materiaalit ovat kesken\u00e4\u00e4n hyvin erilaisia ja niiden k\u00e4ytt\u00f6tarkoitus ja ty\u00f6st\u00e4minen eroavat toisistaan. Nahka on materiaalina ainutlaatuinen, sen k\u00e4ytt\u00f6tarkoitukset ovat moninaiset. Nahalla on my\u00f6s...","og_url":"https:\/\/houseofsimone.fi\/index.php\/elementor-18\/","og_site_name":"House of Simone","article_modified_time":"2026-04-15T10:16:42+00:00","og_image":[{"width":2048,"height":1365,"url":"https:\/\/houseofsimone.fi\/wp-content\/uploads\/2022\/11\/MG_0861.jpg","type":"image\/jpeg"}],"twitter_card":"summary_large_image","twitter_misc":{"Arvioitu lukuaika":"4 minuuttia"},"schema":{"@context":"https:\/\/schema.org","@graph":[{"@type":"WebPage","@id":"https:\/\/houseofsimone.fi\/index.php\/elementor-18\/","url":"https:\/\/houseofsimone.fi\/index.php\/elementor-18\/","name":"Materiaalista - House of Simone","isPartOf":{"@id":"https:\/\/houseofsimone.fi\/#website"},"primaryImageOfPage":{"@id":"https:\/\/houseofsimone.fi\/index.php\/elementor-18\/#primaryimage"},"image":{"@id":"https:\/\/houseofsimone.fi\/index.php\/elementor-18\/#primaryimage"},"thumbnailUrl":"https:\/\/houseofsimone.fi\/wp-content\/uploads\/2022\/11\/MG_0861.jpg","datePublished":"2022-11-28T14:02:24+00:00","dateModified":"2026-04-15T10:16:42+00:00","breadcrumb":{"@id":"https:\/\/houseofsimone.fi\/index.php\/elementor-18\/#breadcrumb"},"inLanguage":"fi","potentialAction":[{"@type":"ReadAction","target":["https:\/\/houseofsimone.fi\/index.php\/elementor-18\/"]}]},{"@type":"ImageObject","inLanguage":"fi","@id":"https:\/\/houseofsimone.fi\/index.php\/elementor-18\/#primaryimage","url":"https:\/\/houseofsimone.fi\/wp-content\/uploads\/2022\/11\/MG_0861.jpg","contentUrl":"https:\/\/houseofsimone.fi\/wp-content\/uploads\/2022\/11\/MG_0861.jpg","width":2048,"height":1365},{"@type":"BreadcrumbList","@id":"https:\/\/houseofsimone.fi\/index.php\/elementor-18\/#breadcrumb","itemListElement":[{"@type":"ListItem","position":1,"name":"Etusivu","item":"https:\/\/houseofsimone.fi\/"},{"@type":"ListItem","position":2,"name":"Materiaalista"}]},{"@type":"WebSite","@id":"https:\/\/houseofsimone.fi\/#website","url":"https:\/\/houseofsimone.fi\/","name":"House of Simone","description":"","publisher":{"@id":"https:\/\/houseofsimone.fi\/#organization"},"potentialAction":[{"@type":"SearchAction","target":{"@type":"EntryPoint","urlTemplate":"https:\/\/houseofsimone.fi\/?s={search_term_string}"},"query-input":{"@type":"PropertyValueSpecification","valueRequired":true,"valueName":"search_term_string"}}],"inLanguage":"fi"},{"@type":"Organization","@id":"https:\/\/houseofsimone.fi\/#organization","name":"House of Simone","url":"https:\/\/houseofsimone.fi\/","logo":{"@type":"ImageObject","inLanguage":"fi","@id":"https:\/\/houseofsimone.fi\/#\/schema\/logo\/image\/","url":"https:\/\/houseofsimone.fi\/wp-content\/uploads\/2022\/11\/cropped-House_of_simone_paalogo_varillinen-1.png","contentUrl":"https:\/\/houseofsimone.fi\/wp-content\/uploads\/2022\/11\/cropped-House_of_simone_paalogo_varillinen-1.png","width":481,"height":481,"caption":"House of Simone"},"image":{"@id":"https:\/\/houseofsimone.fi\/#\/schema\/logo\/image\/"},"sameAs":["https:\/\/www.instagram.com\/houseofsimone.fi\/?hl=fi"]}]}},"_links":{"self":[{"href":"https:\/\/houseofsimone.fi\/index.php\/wp-json\/wp\/v2\/pages\/18","targetHints":{"allow":["GET"]}}],"collection":[{"href":"https:\/\/houseofsimone.fi\/index.php\/wp-json\/wp\/v2\/pages"}],"about":[{"href":"https:\/\/houseofsimone.fi\/index.php\/wp-json\/wp\/v2\/types\/page"}],"author":[{"embeddable":true,"href":"https:\/\/houseofsimone.fi\/index.php\/wp-json\/wp\/v2\/users\/1"}],"replies":[{"embeddable":true,"href":"https:\/\/houseofsimone.fi\/index.php\/wp-json\/wp\/v2\/comments?post=18"}],"version-history":[{"count":68,"href":"https:\/\/houseofsimone.fi\/index.php\/wp-json\/wp\/v2\/pages\/18\/revisions"}],"predecessor-version":[{"id":1367,"href":"https:\/\/houseofsimone.fi\/index.php\/wp-json\/wp\/v2\/pages\/18\/revisions\/1367"}],"wp:attachment":[{"href":"https:\/\/houseofsimone.fi\/index.php\/wp-json\/wp\/v2\/media?parent=18"}],"curies":[{"name":"wp","href":"https:\/\/api.w.org\/{rel}","templated":true}]}}