{"id":139,"date":"2022-11-29T11:45:50","date_gmt":"2022-11-29T11:45:50","guid":{"rendered":"https:\/\/houseofsimone.fi\/?page_id=139"},"modified":"2026-04-15T10:02:26","modified_gmt":"2026-04-15T10:02:26","slug":"hoito-ohje","status":"publish","type":"page","link":"https:\/\/houseofsimone.fi\/index.php\/hoito-ohje\/","title":{"rendered":"Hoito-ohje"},"content":{"rendered":"\t\t<div data-elementor-type=\"wp-page\" data-elementor-id=\"139\" class=\"elementor elementor-139\">\n\t\t\t\t\t\t<section class=\"elementor-section elementor-top-section elementor-element elementor-element-5011831 elementor-section-boxed elementor-section-height-default elementor-section-height-default\" data-id=\"5011831\" data-element_type=\"section\" data-e-type=\"section\">\n\t\t\t\t\t\t<div class=\"elementor-container elementor-column-gap-default\">\n\t\t\t\t\t<div class=\"elementor-column elementor-col-100 elementor-top-column elementor-element elementor-element-37b18b2\" data-id=\"37b18b2\" data-element_type=\"column\" data-e-type=\"column\">\n\t\t\t<div class=\"elementor-widget-wrap elementor-element-populated\">\n\t\t\t\t\t\t<div class=\"elementor-element elementor-element-b07490a elementor-widget elementor-widget-heading\" data-id=\"b07490a\" data-element_type=\"widget\" data-e-type=\"widget\" data-widget_type=\"heading.default\">\n\t\t\t\t<div class=\"elementor-widget-container\">\n\t\t\t\t\t<h2 class=\"elementor-heading-title elementor-size-default\">House of Simone nahkakorujen hoito-ohjeet <\/h2>\t\t\t\t<\/div>\n\t\t\t\t<\/div>\n\t\t\t\t\t<\/div>\n\t\t<\/div>\n\t\t\t\t\t<\/div>\n\t\t<\/section>\n\t\t\t\t<section class=\"elementor-section elementor-top-section elementor-element elementor-element-aebd9da elementor-section-boxed elementor-section-height-default elementor-section-height-default\" data-id=\"aebd9da\" data-element_type=\"section\" data-e-type=\"section\">\n\t\t\t\t\t\t<div class=\"elementor-container elementor-column-gap-default\">\n\t\t\t\t\t<div class=\"elementor-column elementor-col-100 elementor-top-column elementor-element elementor-element-f6eda79\" data-id=\"f6eda79\" data-element_type=\"column\" data-e-type=\"column\">\n\t\t\t<div class=\"elementor-widget-wrap elementor-element-populated\">\n\t\t\t\t\t\t<div class=\"elementor-element elementor-element-f51d483 elementor-widget elementor-widget-text-editor\" data-id=\"f51d483\" data-element_type=\"widget\" data-e-type=\"widget\" data-widget_type=\"text-editor.default\">\n\t\t\t\t<div class=\"elementor-widget-container\">\n\t\t\t\t\t\t\t\t\t<p>Hoidat nahkakoruasi parhaiten k\u00e4ytt\u00e4m\u00e4ll\u00e4 sit\u00e4.<\/p><p>Ihon omat \u00f6ljyt hoitavat nahkaa ja pit\u00e4v\u00e4t sen joustavana, muuta \u00f6ljy\u00e4mist\u00e4 tai vahaa se ei kaipaa.<\/p><p>Jotkut kemikaaleja sis\u00e4lt\u00e4v\u00e4t nahanhoitotuotteet saattavat jopa vahingoittaa korun v\u00e4ri\u00e4 tai pilata sen muodon.<\/p><p>Nahkakoru kest\u00e4\u00e4 hyvin normaalia sades\u00e4\u00e4t\u00e4, aurinkoa ja ihon omia \u00f6ljyj\u00e4, mutta eth\u00e4n mene uimaan, suihkuun tai saunaan nahkaisen korun kanssa. Luonnonmateriaalina nahka ei my\u00f6sk\u00e4\u00e4n pid\u00e4 alkoholipitoisista tuoksuista, hiuskiinteist\u00e4 tai rasvaisista ihovoiteista.<\/p><p>\u00d6ljyt ja voiteet voivat my\u00f6s liuottaa esimerkiksi nappikorvakorujen nahan ja metallin v\u00e4lisen liimauksen ja rikkoa korun.<\/p><p>Tiskatessa tai k\u00e4si\u00e4 pestess\u00e4 kaikki sormukset, muutkin kuin nahkaiset, on syyt\u00e4 riisua.<\/p><p>Mik\u00e4li muotoiltu nahkakorusi sattuisi kastumaan, anna sen kuivua huoneenl\u00e4mm\u00f6ss\u00e4 ilmavasti kaikessa rauhassa. Mik\u00e4li korun muoto on vahingoittunut, voit varovasti koittaa muotoilla sit\u00e4 kosteana.<\/p><p>S\u00e4ilyt\u00e4th\u00e4n nahkaiset korusi kuivassa ja suoralta auringonvalolta suojattuna.<\/p><p>Nahka on kuten kaikki herk\u00e4t luonnonmateriaalit, pitk\u00e4\u00e4n jatkuva suora auringonvalo haalentaa ja haurastuttaa materiaalia.<\/p>\t\t\t\t\t\t\t\t<\/div>\n\t\t\t\t<\/div>\n\t\t\t\t\t<\/div>\n\t\t<\/div>\n\t\t\t\t\t<\/div>\n\t\t<\/section>\n\t\t\t\t<\/div>\n\t\t","protected":false},"excerpt":{"rendered":"<p>House of Simone nahkakorujen hoito-ohjeet Hoidat nahkakoruasi parhaiten k\u00e4ytt\u00e4m\u00e4ll\u00e4 sit\u00e4. Ihon omat \u00f6ljyt hoitavat nahkaa ja pit\u00e4v\u00e4t sen joustavana, muuta \u00f6ljy\u00e4mist\u00e4 tai vahaa se ei kaipaa. Jotkut kemikaaleja sis\u00e4lt\u00e4v\u00e4t nahanhoitotuotteet saattavat jopa vahingoittaa korun v\u00e4ri\u00e4 tai pilata sen muodon. Nahkakoru kest\u00e4\u00e4 hyvin normaalia sades\u00e4\u00e4t\u00e4, aurinkoa ja ihon omia \u00f6ljyj\u00e4, mutta eth\u00e4n mene uimaan, suihkuun tai&#8230;<\/p>\n","protected":false},"author":1,"featured_media":0,"parent":0,"menu_order":0,"comment_status":"closed","ping_status":"closed","template":"","meta":{"_kad_post_transparent":"","_kad_post_title":"","_kad_post_layout":"","_kad_post_sidebar_id":"","_kad_post_content_style":"","_kad_post_vertical_padding":"","_kad_post_feature":"","_kad_post_feature_position":"","_kad_post_header":false,"_kad_post_footer":false,"_kad_post_classname":"","footnotes":""},"class_list":["post-139","page","type-page","status-publish","hentry"],"yoast_head":"<!-- This site is optimized with the Yoast SEO plugin v27.5 - https:\/\/yoast.com\/product\/yoast-seo-wordpress\/ -->\n<title>Hoito-ohje - House of Simone<\/title>\n<meta name=\"robots\" content=\"index, follow, max-snippet:-1, max-image-preview:large, max-video-preview:-1\" \/>\n<link rel=\"canonical\" href=\"https:\/\/houseofsimone.fi\/index.php\/hoito-ohje\/\" \/>\n<meta property=\"og:locale\" content=\"fi_FI\" \/>\n<meta property=\"og:type\" content=\"article\" \/>\n<meta property=\"og:title\" content=\"Hoito-ohje - House of Simone\" \/>\n<meta property=\"og:description\" content=\"House of Simone nahkakorujen hoito-ohjeet Hoidat nahkakoruasi parhaiten k\u00e4ytt\u00e4m\u00e4ll\u00e4 sit\u00e4. Ihon omat \u00f6ljyt hoitavat nahkaa ja pit\u00e4v\u00e4t sen joustavana, muuta \u00f6ljy\u00e4mist\u00e4 tai vahaa se ei kaipaa. Jotkut kemikaaleja sis\u00e4lt\u00e4v\u00e4t nahanhoitotuotteet saattavat jopa vahingoittaa korun v\u00e4ri\u00e4 tai pilata sen muodon. Nahkakoru kest\u00e4\u00e4 hyvin normaalia sades\u00e4\u00e4t\u00e4, aurinkoa ja ihon omia \u00f6ljyj\u00e4, mutta eth\u00e4n mene uimaan, suihkuun tai...\" \/>\n<meta property=\"og:url\" content=\"https:\/\/houseofsimone.fi\/index.php\/hoito-ohje\/\" \/>\n<meta property=\"og:site_name\" content=\"House of Simone\" \/>\n<meta property=\"article:modified_time\" content=\"2026-04-15T10:02:26+00:00\" \/>\n<meta name=\"twitter:card\" content=\"summary_large_image\" \/>\n<meta name=\"twitter:label1\" content=\"Arvioitu lukuaika\" \/>\n\t<meta name=\"twitter:data1\" content=\"1 minuutti\" \/>\n<script type=\"application\/ld+json\" class=\"yoast-schema-graph\">{\"@context\":\"https:\\\/\\\/schema.org\",\"@graph\":[{\"@type\":\"WebPage\",\"@id\":\"https:\\\/\\\/houseofsimone.fi\\\/index.php\\\/hoito-ohje\\\/\",\"url\":\"https:\\\/\\\/houseofsimone.fi\\\/index.php\\\/hoito-ohje\\\/\",\"name\":\"Hoito-ohje - House of Simone\",\"isPartOf\":{\"@id\":\"https:\\\/\\\/houseofsimone.fi\\\/#website\"},\"datePublished\":\"2022-11-29T11:45:50+00:00\",\"dateModified\":\"2026-04-15T10:02:26+00:00\",\"breadcrumb\":{\"@id\":\"https:\\\/\\\/houseofsimone.fi\\\/index.php\\\/hoito-ohje\\\/#breadcrumb\"},\"inLanguage\":\"fi\",\"potentialAction\":[{\"@type\":\"ReadAction\",\"target\":[\"https:\\\/\\\/houseofsimone.fi\\\/index.php\\\/hoito-ohje\\\/\"]}]},{\"@type\":\"BreadcrumbList\",\"@id\":\"https:\\\/\\\/houseofsimone.fi\\\/index.php\\\/hoito-ohje\\\/#breadcrumb\",\"itemListElement\":[{\"@type\":\"ListItem\",\"position\":1,\"name\":\"Etusivu\",\"item\":\"https:\\\/\\\/houseofsimone.fi\\\/\"},{\"@type\":\"ListItem\",\"position\":2,\"name\":\"Hoito-ohje\"}]},{\"@type\":\"WebSite\",\"@id\":\"https:\\\/\\\/houseofsimone.fi\\\/#website\",\"url\":\"https:\\\/\\\/houseofsimone.fi\\\/\",\"name\":\"House of Simone\",\"description\":\"\",\"publisher\":{\"@id\":\"https:\\\/\\\/houseofsimone.fi\\\/#organization\"},\"potentialAction\":[{\"@type\":\"SearchAction\",\"target\":{\"@type\":\"EntryPoint\",\"urlTemplate\":\"https:\\\/\\\/houseofsimone.fi\\\/?s={search_term_string}\"},\"query-input\":{\"@type\":\"PropertyValueSpecification\",\"valueRequired\":true,\"valueName\":\"search_term_string\"}}],\"inLanguage\":\"fi\"},{\"@type\":\"Organization\",\"@id\":\"https:\\\/\\\/houseofsimone.fi\\\/#organization\",\"name\":\"House of Simone\",\"url\":\"https:\\\/\\\/houseofsimone.fi\\\/\",\"logo\":{\"@type\":\"ImageObject\",\"inLanguage\":\"fi\",\"@id\":\"https:\\\/\\\/houseofsimone.fi\\\/#\\\/schema\\\/logo\\\/image\\\/\",\"url\":\"https:\\\/\\\/houseofsimone.fi\\\/wp-content\\\/uploads\\\/2022\\\/11\\\/cropped-House_of_simone_paalogo_varillinen-1.png\",\"contentUrl\":\"https:\\\/\\\/houseofsimone.fi\\\/wp-content\\\/uploads\\\/2022\\\/11\\\/cropped-House_of_simone_paalogo_varillinen-1.png\",\"width\":481,\"height\":481,\"caption\":\"House of Simone\"},\"image\":{\"@id\":\"https:\\\/\\\/houseofsimone.fi\\\/#\\\/schema\\\/logo\\\/image\\\/\"},\"sameAs\":[\"https:\\\/\\\/www.instagram.com\\\/houseofsimone.fi\\\/?hl=fi\"]}]}<\/script>\n<!-- \/ Yoast SEO plugin. -->","yoast_head_json":{"title":"Hoito-ohje - House of Simone","robots":{"index":"index","follow":"follow","max-snippet":"max-snippet:-1","max-image-preview":"max-image-preview:large","max-video-preview":"max-video-preview:-1"},"canonical":"https:\/\/houseofsimone.fi\/index.php\/hoito-ohje\/","og_locale":"fi_FI","og_type":"article","og_title":"Hoito-ohje - House of Simone","og_description":"House of Simone nahkakorujen hoito-ohjeet Hoidat nahkakoruasi parhaiten k\u00e4ytt\u00e4m\u00e4ll\u00e4 sit\u00e4. Ihon omat \u00f6ljyt hoitavat nahkaa ja pit\u00e4v\u00e4t sen joustavana, muuta \u00f6ljy\u00e4mist\u00e4 tai vahaa se ei kaipaa. Jotkut kemikaaleja sis\u00e4lt\u00e4v\u00e4t nahanhoitotuotteet saattavat jopa vahingoittaa korun v\u00e4ri\u00e4 tai pilata sen muodon. Nahkakoru kest\u00e4\u00e4 hyvin normaalia sades\u00e4\u00e4t\u00e4, aurinkoa ja ihon omia \u00f6ljyj\u00e4, mutta eth\u00e4n mene uimaan, suihkuun tai...","og_url":"https:\/\/houseofsimone.fi\/index.php\/hoito-ohje\/","og_site_name":"House of Simone","article_modified_time":"2026-04-15T10:02:26+00:00","twitter_card":"summary_large_image","twitter_misc":{"Arvioitu lukuaika":"1 minuutti"},"schema":{"@context":"https:\/\/schema.org","@graph":[{"@type":"WebPage","@id":"https:\/\/houseofsimone.fi\/index.php\/hoito-ohje\/","url":"https:\/\/houseofsimone.fi\/index.php\/hoito-ohje\/","name":"Hoito-ohje - House of Simone","isPartOf":{"@id":"https:\/\/houseofsimone.fi\/#website"},"datePublished":"2022-11-29T11:45:50+00:00","dateModified":"2026-04-15T10:02:26+00:00","breadcrumb":{"@id":"https:\/\/houseofsimone.fi\/index.php\/hoito-ohje\/#breadcrumb"},"inLanguage":"fi","potentialAction":[{"@type":"ReadAction","target":["https:\/\/houseofsimone.fi\/index.php\/hoito-ohje\/"]}]},{"@type":"BreadcrumbList","@id":"https:\/\/houseofsimone.fi\/index.php\/hoito-ohje\/#breadcrumb","itemListElement":[{"@type":"ListItem","position":1,"name":"Etusivu","item":"https:\/\/houseofsimone.fi\/"},{"@type":"ListItem","position":2,"name":"Hoito-ohje"}]},{"@type":"WebSite","@id":"https:\/\/houseofsimone.fi\/#website","url":"https:\/\/houseofsimone.fi\/","name":"House of Simone","description":"","publisher":{"@id":"https:\/\/houseofsimone.fi\/#organization"},"potentialAction":[{"@type":"SearchAction","target":{"@type":"EntryPoint","urlTemplate":"https:\/\/houseofsimone.fi\/?s={search_term_string}"},"query-input":{"@type":"PropertyValueSpecification","valueRequired":true,"valueName":"search_term_string"}}],"inLanguage":"fi"},{"@type":"Organization","@id":"https:\/\/houseofsimone.fi\/#organization","name":"House of Simone","url":"https:\/\/houseofsimone.fi\/","logo":{"@type":"ImageObject","inLanguage":"fi","@id":"https:\/\/houseofsimone.fi\/#\/schema\/logo\/image\/","url":"https:\/\/houseofsimone.fi\/wp-content\/uploads\/2022\/11\/cropped-House_of_simone_paalogo_varillinen-1.png","contentUrl":"https:\/\/houseofsimone.fi\/wp-content\/uploads\/2022\/11\/cropped-House_of_simone_paalogo_varillinen-1.png","width":481,"height":481,"caption":"House of Simone"},"image":{"@id":"https:\/\/houseofsimone.fi\/#\/schema\/logo\/image\/"},"sameAs":["https:\/\/www.instagram.com\/houseofsimone.fi\/?hl=fi"]}]}},"_links":{"self":[{"href":"https:\/\/houseofsimone.fi\/index.php\/wp-json\/wp\/v2\/pages\/139","targetHints":{"allow":["GET"]}}],"collection":[{"href":"https:\/\/houseofsimone.fi\/index.php\/wp-json\/wp\/v2\/pages"}],"about":[{"href":"https:\/\/houseofsimone.fi\/index.php\/wp-json\/wp\/v2\/types\/page"}],"author":[{"embeddable":true,"href":"https:\/\/houseofsimone.fi\/index.php\/wp-json\/wp\/v2\/users\/1"}],"replies":[{"embeddable":true,"href":"https:\/\/houseofsimone.fi\/index.php\/wp-json\/wp\/v2\/comments?post=139"}],"version-history":[{"count":10,"href":"https:\/\/houseofsimone.fi\/index.php\/wp-json\/wp\/v2\/pages\/139\/revisions"}],"predecessor-version":[{"id":1358,"href":"https:\/\/houseofsimone.fi\/index.php\/wp-json\/wp\/v2\/pages\/139\/revisions\/1358"}],"wp:attachment":[{"href":"https:\/\/houseofsimone.fi\/index.php\/wp-json\/wp\/v2\/media?parent=139"}],"curies":[{"name":"wp","href":"https:\/\/api.w.org\/{rel}","templated":true}]}}